{"id":1073,"date":"2024-06-18T16:11:51","date_gmt":"2024-06-18T16:11:51","guid":{"rendered":"https:\/\/bevacationtravels.com\/?page_id=1073"},"modified":"2024-06-18T16:11:51","modified_gmt":"2024-06-18T16:11:51","slug":"cookie-policy","status":"publish","type":"page","link":"https:\/\/bevacationtravels.com\/de\/cookie-policy\/","title":{"rendered":"Cookie-Richtlinie"},"content":{"rendered":"<h2 class=\"wp-block-heading\">Einf\u00fchrung in die digitalen Interaktionswerkzeuge von Be Vacation Travels<\/h2>\n\n\n\n<p>Um Ihre digitale Schnittstelle mit Be Vacation Travels, einem Service von Bevacation Limited, zu bereichern, bietet dieser erweiterte Leitfaden eine eingehende Untersuchung unserer Cookie-Nutzung und Tracking-Strategien. Diese digitalen Instrumente verbessern Ihre Interaktion mit den verschiedenen Dienstleistungen, die \u00fcber das Be Vacation Travels Webportal zug\u00e4nglich sind.<\/p>\n\n\n\n<h2 class=\"wp-block-heading\">Eingehende Einblicke in Cookies<\/h2>\n\n\n\n<p>Cookies, die Quintessenz der von Websites weltweit verwendeten Datenschnipsel, sind kleine, aber wichtige Textdateien, die ein Webserver auf Ihrem Ger\u00e4t ablegt. Sie dienen dazu, Ihr Ger\u00e4t bei sp\u00e4teren Besuchen wiederzuerkennen, um die Nutzung von Diensten zu vereinfachen und Ihnen ein verbessertes, auf Ihre Pr\u00e4ferenzen zugeschnittenes Nutzererlebnis zu bieten.<\/p>\n\n\n\n<h2 class=\"wp-block-heading\">Umfassende Cookie-Nutzung&nbsp;<\/h2>\n\n\n\n<p>Be Vacation Travels setzt Cookies strategisch ein, um Ihr digitales Erlebnis zu verbessern. Unsere Anwendung der Cookie-Technologie umspannt ein breites Spektrum, um:<\/p>\n\n\n\n<ul class=\"wp-block-list\">\n<li>Aktivierung und Aufrechterhaltung grundlegender Servicefunktionen, um sicherzustellen, dass unsere Webplattform effizient auf Ihre Interaktionen reagiert.<\/li>\n\n\n\n<li>Analysieren Sie Trends bei der Interaktion mit dem Service und sammeln Sie Daten, die uns helfen, unser Angebot zu verbessern und die Bed\u00fcrfnisse der Nutzer zu erkennen.<\/li>\n\n\n\n<li>Ihre Einstellungen und Pr\u00e4ferenzen \u00fcber mehrere Sitzungen hinweg zu speichern und so Ihre Interaktion mit unserer Plattform auf der Grundlage Ihrer bisherigen Pr\u00e4ferenzen anzupassen.<\/li>\n\n\n\n<li>Umsetzung und \u00dcberwachung der Wirksamkeit unserer Marketingstrategien, damit wir Ihnen relevante Werbeinhalte liefern und deren Relevanz beurteilen k\u00f6nnen.<\/li>\n<\/ul>\n\n\n\n<h2 class=\"wp-block-heading\">Engagement mit Drittpartei-Cookie-Partnern<\/h2>\n\n\n\n<p>Wir erweitern unser digitales \u00d6kosystem durch die wohl\u00fcberlegte Auswahl von Cookie-Diensten Dritter, um:<\/p>\n\n\n\n<ul class=\"wp-block-list\">\n<li>Erstellen Sie umfangreiche Statistiken zur Servicenutzung f\u00fcr eine detaillierte Analyse der Serviceleistung und der Nutzerbindung.<\/li>\n\n\n\n<li>Erm\u00f6glichen Sie es unseren Werbepartnern, Ihnen ma\u00dfgeschneiderte Werbeinhalte auf verschiedenen digitalen Plattformen zu pr\u00e4sentieren, die auf Ihre Interessen und bisherigen Interaktionen zugeschnitten sind.<\/li>\n\n\n\n<li>Einblicke in die Nutzungsmuster von Diensten zu gew\u00e4hren und so zur kontinuierlichen Weiterentwicklung unseres Nutzererlebnisses beizutragen.<\/li>\n<\/ul>\n\n\n\n<h2 class=\"wp-block-heading\">Bef\u00e4higung zur Verwaltung Ihrer Cookie-Einstellungen<\/h2>\n\n\n\n<p>Be Vacation Travels setzt sich f\u00fcr Ihre digitale Autonomie und pers\u00f6nliche Wahl ein. Wir bieten Ihnen die M\u00f6glichkeit,:<\/p>\n\n\n\n<ul class=\"wp-block-list\">\n<li>Verwalten, deaktivieren oder beschr\u00e4nken Sie Cookies \u00fcber die komplizierten Einstellungen Ihres Webbrowsers, damit Sie die Kontrolle \u00fcber Ihren digitalen Fu\u00dfabdruck haben.<\/li>\n\n\n\n<li>Sie erkennen an, dass die Anpassung Ihrer Cookie-Einstellungen die dynamische Bandbreite an Funktionen und personalisierten Aspekten unserer Dienste beeinflussen kann, wodurch m\u00f6glicherweise die volle Funktionalit\u00e4t eingeschr\u00e4nkt wird.<\/li>\n<\/ul>\n\n\n\n<h2 class=\"wp-block-heading\">Benutzerunterst\u00fctzung und R\u00fcckfragen<\/h2>\n\n\n\n<p>F\u00fcr Anfragen oder Unterst\u00fctzung im Zusammenhang mit unserer Cookie-Nutzungsstrategie bietet Be Vacation Travels mehrere spezielle Kan\u00e4le f\u00fcr die direkte Kommunikation. Wir laden Sie ein, sich mit uns in Verbindung zu setzen:<\/p>\n\n\n\n<ul class=\"wp-block-list\">\n<li><strong>E-Mail-Anfrage:<\/strong> <a href=\"mailto:info@bevacationtravels.com\">info@bevacationtravels.com<\/a> - Schicken Sie uns eine E-Mail, wenn Sie eine ausf\u00fchrliche Antwort auf Ihre Fragen w\u00fcnschen oder wenn Sie Hilfe bei der Verwaltung Ihrer Cookie-Einstellungen ben\u00f6tigen.<\/li>\n\n\n\n<li><strong>Online-Kontaktformular:<\/strong> <a href=\"https:\/\/bevacationtravels.com\/de\/get-in-touch\/\">https:\/\/bevacationtravels.com\/get-in-touch\/<\/a> - F\u00fcllen Sie unser Kontaktformular f\u00fcr alle nicht dringenden Anfragen aus, und unser Team wird sich umgehend mit den gew\u00fcnschten Informationen oder der ben\u00f6tigten Hilfe bei Ihnen melden.<\/li>\n<\/ul>\n\n\n\n<h2 class=\"wp-block-heading\">Kontinuierliche Weiterentwicklung der Cookie-Nutzungspraktiken<\/h2>\n\n\n\n<p>Be Vacation Travels ist sich bewusst, dass sich die digitale Landschaft st\u00e4ndig weiterentwickelt. Daher ist unsere Cookie-Richtlinie ein lebendiges Dokument, das an neue Technologien, ver\u00e4ndertes Nutzerverhalten und gesetzliche Entwicklungen angepasst werden kann. Wir sind bestrebt, die aktuellen Datenschutzstandards einzuhalten und k\u00fcnftige Trends und Anforderungen zu antizipieren.<\/p>\n\n\n\n<h2 class=\"wp-block-heading\">Verbessertes Benutzererlebnis durch Cookies<\/h2>\n\n\n\n<p>Um ein ma\u00dfgeschneidertes und nutzerorientiertes Web-Erlebnis zu bieten, dienen unsere Cookies verschiedenen operativen Zwecken:<\/p>\n\n\n\n<ul class=\"wp-block-list\">\n<li>Verbesserung der Effizienz der Website-Navigation, die einen schnellen und personalisierten Zugang zu Funktionen erm\u00f6glicht.<\/li>\n\n\n\n<li>Speicherung von Benutzeroberfl\u00e4chenanpassungen, wie z. B. Thema, Sprache und Pr\u00e4ferenzen, um ein einheitliches Erlebnis bei jedem Besuch zu gew\u00e4hrleisten.<\/li>\n\n\n\n<li>Optimierung der Gesamtleistung unserer Dienste, indem wir lernen, wie die Nutzer mit den verschiedenen Komponenten unserer Plattform interagieren.<\/li>\n\n\n\n<li>Unterst\u00fctzung der Sicherheitsma\u00dfnahmen unserer Website, Hilfe bei der Aufdeckung und Verhinderung betr\u00fcgerischer Aktivit\u00e4ten und Schutz der Benutzerkonten.<\/li>\n<\/ul>\n\n\n\n<h2 class=\"wp-block-heading\">Cookies in der Nutzeranalyse und Forschung<\/h2>\n\n\n\n<p>Unsere analytischen Cookies sind wirksame Instrumente, um das Nutzerverhalten zu verstehen. Sie helfen uns dabei:<\/p>\n\n\n\n<ul class=\"wp-block-list\">\n<li>Durchf\u00fchrung eingehender Datenanalysen, um Einblicke in die Leistung von Diensten, Muster der Nutzerbindung und potenzielle Verbesserungsbereiche zu gewinnen.<\/li>\n\n\n\n<li>So k\u00f6nnen wir die Effektivit\u00e4t unserer Inhalte und Angebote messen, um Ihnen die relevantesten und hilfreichsten Inhalte zu liefern.<\/li>\n\n\n\n<li>Die Informationen \u00fcber den Weg des Nutzers auf unserer Website helfen uns, den Weg zur Buchung zu optimieren und Reibungsverluste zu verringern.<\/li>\n<\/ul>\n\n\n\n<h2 class=\"wp-block-heading\">Benutzerkontrolle \u00fcber Cookies<\/h2>\n\n\n\n<p>Wir bef\u00fcrworten zwar die vorteilhafte Verwendung von Cookies, sind aber der festen \u00dcberzeugung, dass Sie die volle Kontrolle \u00fcber Ihre digitale Zustimmung haben sollten. Zu den umfassenden Kontrollmechanismen geh\u00f6ren:<\/p>\n\n\n\n<ul class=\"wp-block-list\">\n<li>Detaillierte Cookie-Verwaltungsoptionen in Ihrem Browser, in denen Sie angeben k\u00f6nnen, welche Cookies Sie akzeptieren, blockieren oder l\u00f6schen m\u00f6chten.<\/li>\n\n\n\n<li>Eine klare und leicht zug\u00e4ngliche Methode, um die Zustimmung f\u00fcr nicht wesentliche Cookies zu widerrufen, ohne die Kernfunktionen unseres Dienstes zu beeintr\u00e4chtigen.<\/li>\n\n\n\n<li>Transparente Hinweise darauf, wie sich die \u00c4nderung der Cookie-Einstellungen auf Ihren Zugang zu bestimmten Diensten auswirken kann, gew\u00e4hrleisten, dass Sie fundierte Entscheidungen treffen k\u00f6nnen.<\/li>\n<\/ul>\n\n\n\n<h2 class=\"wp-block-heading\">Direkte Benutzerunterst\u00fctzung<\/h2>\n\n\n\n<p>Sollte Ihnen die Komplexit\u00e4t von Cookies und digitalem Datenschutz abschreckend erscheinen, steht Ihnen unser Benutzer-Support-Team zur Verf\u00fcgung:<\/p>\n\n\n\n<ul class=\"wp-block-list\">\n<li>Bieten Sie klare, jargonfreie Erkl\u00e4rungen, wie und warum wir Cookies verwenden.<\/li>\n\n\n\n<li>Schritt-f\u00fcr-Schritt-Hilfe bei der Verwaltung von Cookie-Einstellungen oder beim Umgang mit Datenschutzbedenken.<\/li>\n\n\n\n<li>mit Ihnen in Kontakt zu treten, um Ihr Feedback zu unserer Cookie-Richtlinie zu verstehen und einen kontinuierlichen Dialog zur Verbesserung unserer Praktiken zu f\u00fchren.<\/li>\n<\/ul>\n\n\n\n<h2 class=\"wp-block-heading\">Unser Versprechen f\u00fcr Transparenz<\/h2>\n\n\n\n<p>Das Vertrauen, das Sie in Be Vacation Travels setzen, nehmen wir nicht auf die leichte Schulter. Wir bem\u00fchen uns, einen offenen und ehrlichen Dialog \u00fcber unsere Verwendung von Cookies zu f\u00fchren und sicherzustellen, dass Sie vollst\u00e4ndig \u00fcber deren Zweck und die damit verbundenen Rechte informiert sind.<\/p>\n\n\n\n<h2 class=\"wp-block-heading\">Regionale Anpassungen und Einhaltung der Vorschriften<\/h2>\n\n\n\n<p>Als internationaler Dienstleister ist die Cookie-Richtlinie von Be Vacation Travels so gestaltet, dass sie den spezifischen Anforderungen der verschiedenen Regionen gerecht wird. Wir:<\/p>\n\n\n\n<ul class=\"wp-block-list\">\n<li>Wir passen unsere Cookie-Strategie an die regionalen Datenschutzgesetze an, um sicherzustellen, dass die Nutzer in allen L\u00e4ndern einen einheitlichen Datenschutz genie\u00dfen.<\/li>\n\n\n\n<li>Wir passen unsere Kommunikations- und Zustimmungsmechanismen an die lokalen Datenschutzbestimmungen an, um den Nutzern \u00fcberall ein ma\u00dfgeschneidertes und konformes Erlebnis zu bieten.<\/li>\n<\/ul>\n\n\n\n<h3 class=\"wp-block-heading\">Schlussfolgerung und Aufforderung zum Feedback<\/h3>\n\n\n\n<p>Diese ausf\u00fchrliche Cookie-Richtlinie soll Ihnen ein umfassendes Verst\u00e4ndnis unserer Datenverfolgungspraktiken vermitteln. Be Vacation Travels l\u00e4dt Sie ein, mit uns in Kontakt zu treten, uns Feedback zu geben und an der Kultivierung einer datenschutzbewussten Gemeinschaft mitzuwirken. F\u00fcr die neuesten Informationen, \u00c4nderungen oder Klarstellungen in Bezug auf unsere Cookie-Nutzung empfehlen wir Ihnen, unsere ver\u00f6ffentlichte Richtlinie regelm\u00e4\u00dfig zu lesen.<\/p>\n\n\n\n<p>Bitte kontaktieren Sie unser engagiertes Kundenserviceteam \u00fcber <a href=\"mailto:info@bevacationtravels.com\">info@bevacationtravels.com<\/a> wenn Sie einen Aspekt unserer Cookie-Richtlinie diskutieren m\u00f6chten oder weitere Informationen ben\u00f6tigen. Ihre Reise mit Be Vacation Travels ist wertvoll und wir sind hier, um sicherzustellen, dass sie so lohnend und sicher wie m\u00f6glich ist.<\/p>","protected":false},"excerpt":{"rendered":"<p>Introduction to Be Vacation Travels\u2019 Digital Interaction Tools To enrich your digital interface with Be Vacation Travels, a service powered by Bevacation Limited, this extended guide presents an in-depth exploration of our cookie usage and tracking strategies. These digital instruments enhance your interaction with the varied services accessible through the Be Vacation Travels web portal. [&hellip;]<\/p>","protected":false},"author":1,"featured_media":0,"parent":0,"menu_order":0,"comment_status":"closed","ping_status":"closed","template":"template-pages\/policy-template.php","meta":{"footnotes":""},"class_list":["post-1073","page","type-page","status-publish","hentry"],"acf":[],"yoast_head":"<!-- This site is optimized with the Yoast SEO plugin v22.9 - https:\/\/yoast.com\/wordpress\/plugins\/seo\/ -->\n<title>Cookie Policy - bevacationtravels.com<\/title>\n<meta name=\"robots\" content=\"index, follow, max-snippet:-1, max-image-preview:large, max-video-preview:-1\" \/>\n<link rel=\"canonical\" href=\"https:\/\/bevacationtravels.com\/de\/cookie-policy\/\" \/>\n<meta property=\"og:locale\" content=\"de_DE\" \/>\n<meta property=\"og:type\" content=\"article\" \/>\n<meta property=\"og:title\" content=\"Cookie Policy - bevacationtravels.com\" \/>\n<meta property=\"og:description\" content=\"Introduction to Be Vacation Travels\u2019 Digital Interaction Tools To enrich your digital interface with Be Vacation Travels, a service powered by Bevacation Limited, this extended guide presents an in-depth exploration of our cookie usage and tracking strategies. These digital instruments enhance your interaction with the varied services accessible through the Be Vacation Travels web portal. [&hellip;]\" \/>\n<meta property=\"og:url\" content=\"https:\/\/bevacationtravels.com\/de\/cookie-policy\/\" \/>\n<meta property=\"og:site_name\" content=\"bevacationtravels.com\" \/>\n<meta name=\"twitter:card\" content=\"summary_large_image\" \/>\n<meta name=\"twitter:label1\" content=\"Gesch\u00e4tzte Lesezeit\" \/>\n\t<meta name=\"twitter:data1\" content=\"5\u00a0Minuten\" \/>\n<script type=\"application\/ld+json\" class=\"yoast-schema-graph\">{\"@context\":\"https:\/\/schema.org\",\"@graph\":[{\"@type\":\"WebPage\",\"@id\":\"https:\/\/bevacationtravels.com\/cookie-policy\/\",\"url\":\"https:\/\/bevacationtravels.com\/cookie-policy\/\",\"name\":\"Cookie Policy - bevacationtravels.com\",\"isPartOf\":{\"@id\":\"https:\/\/bevacationtravels.com\/#website\"},\"datePublished\":\"2024-06-18T16:11:51+00:00\",\"dateModified\":\"2024-06-18T16:11:51+00:00\",\"breadcrumb\":{\"@id\":\"https:\/\/bevacationtravels.com\/cookie-policy\/#breadcrumb\"},\"inLanguage\":\"de\",\"potentialAction\":[{\"@type\":\"ReadAction\",\"target\":[\"https:\/\/bevacationtravels.com\/cookie-policy\/\"]}]},{\"@type\":\"BreadcrumbList\",\"@id\":\"https:\/\/bevacationtravels.com\/cookie-policy\/#breadcrumb\",\"itemListElement\":[{\"@type\":\"ListItem\",\"position\":1,\"name\":\"Home\",\"item\":\"https:\/\/bevacationtravels.com\/\"},{\"@type\":\"ListItem\",\"position\":2,\"name\":\"Cookie Policy\"}]},{\"@type\":\"WebSite\",\"@id\":\"https:\/\/bevacationtravels.com\/#website\",\"url\":\"https:\/\/bevacationtravels.com\/\",\"name\":\"bevacationtravels.com\",\"description\":\"\",\"publisher\":{\"@id\":\"https:\/\/bevacationtravels.com\/#organization\"},\"potentialAction\":[{\"@type\":\"SearchAction\",\"target\":{\"@type\":\"EntryPoint\",\"urlTemplate\":\"https:\/\/bevacationtravels.com\/?s={search_term_string}\"},\"query-input\":\"required name=search_term_string\"}],\"inLanguage\":\"de\"},{\"@type\":\"Organization\",\"@id\":\"https:\/\/bevacationtravels.com\/#organization\",\"name\":\"bevacationtravels.com\",\"url\":\"https:\/\/bevacationtravels.com\/\",\"logo\":{\"@type\":\"ImageObject\",\"inLanguage\":\"de\",\"@id\":\"https:\/\/bevacationtravels.com\/#\/schema\/logo\/image\/\",\"url\":\"https:\/\/bevacationtravels.com\/wp-content\/uploads\/2024\/06\/Group-12.svg\",\"contentUrl\":\"https:\/\/bevacationtravels.com\/wp-content\/uploads\/2024\/06\/Group-12.svg\",\"width\":203,\"height\":32,\"caption\":\"bevacationtravels.com\"},\"image\":{\"@id\":\"https:\/\/bevacationtravels.com\/#\/schema\/logo\/image\/\"}}]}<\/script>\n<!-- \/ Yoast SEO plugin. -->","yoast_head_json":{"title":"Cookie Policy - bevacationtravels.com","robots":{"index":"index","follow":"follow","max-snippet":"max-snippet:-1","max-image-preview":"max-image-preview:large","max-video-preview":"max-video-preview:-1"},"canonical":"https:\/\/bevacationtravels.com\/de\/cookie-policy\/","og_locale":"de_DE","og_type":"article","og_title":"Cookie Policy - bevacationtravels.com","og_description":"Introduction to Be Vacation Travels\u2019 Digital Interaction Tools To enrich your digital interface with Be Vacation Travels, a service powered by Bevacation Limited, this extended guide presents an in-depth exploration of our cookie usage and tracking strategies. These digital instruments enhance your interaction with the varied services accessible through the Be Vacation Travels web portal. [&hellip;]","og_url":"https:\/\/bevacationtravels.com\/de\/cookie-policy\/","og_site_name":"bevacationtravels.com","twitter_card":"summary_large_image","twitter_misc":{"Gesch\u00e4tzte Lesezeit":"5\u00a0Minuten"},"schema":{"@context":"https:\/\/schema.org","@graph":[{"@type":"WebPage","@id":"https:\/\/bevacationtravels.com\/cookie-policy\/","url":"https:\/\/bevacationtravels.com\/cookie-policy\/","name":"Cookie Policy - bevacationtravels.com","isPartOf":{"@id":"https:\/\/bevacationtravels.com\/#website"},"datePublished":"2024-06-18T16:11:51+00:00","dateModified":"2024-06-18T16:11:51+00:00","breadcrumb":{"@id":"https:\/\/bevacationtravels.com\/cookie-policy\/#breadcrumb"},"inLanguage":"de","potentialAction":[{"@type":"ReadAction","target":["https:\/\/bevacationtravels.com\/cookie-policy\/"]}]},{"@type":"BreadcrumbList","@id":"https:\/\/bevacationtravels.com\/cookie-policy\/#breadcrumb","itemListElement":[{"@type":"ListItem","position":1,"name":"Home","item":"https:\/\/bevacationtravels.com\/"},{"@type":"ListItem","position":2,"name":"Cookie Policy"}]},{"@type":"WebSite","@id":"https:\/\/bevacationtravels.com\/#website","url":"https:\/\/bevacationtravels.com\/","name":"bevacationtravels.com","description":"","publisher":{"@id":"https:\/\/bevacationtravels.com\/#organization"},"potentialAction":[{"@type":"SearchAction","target":{"@type":"EntryPoint","urlTemplate":"https:\/\/bevacationtravels.com\/?s={search_term_string}"},"query-input":"required name=search_term_string"}],"inLanguage":"de"},{"@type":"Organization","@id":"https:\/\/bevacationtravels.com\/#organization","name":"bevacationtravels.com","url":"https:\/\/bevacationtravels.com\/","logo":{"@type":"ImageObject","inLanguage":"de","@id":"https:\/\/bevacationtravels.com\/#\/schema\/logo\/image\/","url":"https:\/\/bevacationtravels.com\/wp-content\/uploads\/2024\/06\/Group-12.svg","contentUrl":"https:\/\/bevacationtravels.com\/wp-content\/uploads\/2024\/06\/Group-12.svg","width":203,"height":32,"caption":"bevacationtravels.com"},"image":{"@id":"https:\/\/bevacationtravels.com\/#\/schema\/logo\/image\/"}}]}},"_links":{"self":[{"href":"https:\/\/bevacationtravels.com\/de\/wp-json\/wp\/v2\/pages\/1073","targetHints":{"allow":["GET"]}}],"collection":[{"href":"https:\/\/bevacationtravels.com\/de\/wp-json\/wp\/v2\/pages"}],"about":[{"href":"https:\/\/bevacationtravels.com\/de\/wp-json\/wp\/v2\/types\/page"}],"author":[{"embeddable":true,"href":"https:\/\/bevacationtravels.com\/de\/wp-json\/wp\/v2\/users\/1"}],"replies":[{"embeddable":true,"href":"https:\/\/bevacationtravels.com\/de\/wp-json\/wp\/v2\/comments?post=1073"}],"version-history":[{"count":2,"href":"https:\/\/bevacationtravels.com\/de\/wp-json\/wp\/v2\/pages\/1073\/revisions"}],"predecessor-version":[{"id":1075,"href":"https:\/\/bevacationtravels.com\/de\/wp-json\/wp\/v2\/pages\/1073\/revisions\/1075"}],"wp:attachment":[{"href":"https:\/\/bevacationtravels.com\/de\/wp-json\/wp\/v2\/media?parent=1073"}],"curies":[{"name":"wp","href":"https:\/\/api.w.org\/{rel}","templated":true}]}}