{"id":502,"date":"2024-06-18T08:02:34","date_gmt":"2024-06-18T08:02:34","guid":{"rendered":"https:\/\/bevacationtravels.com\/product\/bruny-island-adventures-gastronomic-delights\/"},"modified":"2024-07-12T13:39:49","modified_gmt":"2024-07-12T13:39:49","slug":"bruny-island-exploration-culinary-delights","status":"publish","type":"product","link":"https:\/\/bevacationtravels.com\/de\/produkt\/bruny-island-exploration-culinary-delights\/","title":{"rendered":"Bruny Island Erkundung und kulinarische K\u00f6stlichkeiten"},"content":{"rendered":"<p><span style=\"font-weight: 400;\">Erkunden Sie Bruny Island bei einem umfassenden Ganztagesausflug mit Leuchtturmtour. Tauchen Sie ein in fesselnde Geschichten, genie\u00dfen Sie einen Morgentee am Strand mit k\u00f6stlichen frischen Austern und lassen Sie sich ein k\u00f6stliches Mittagessen in einem charmanten lokalen Hotel schmecken.<\/span><\/p>","protected":false},"excerpt":{"rendered":"<p>Erkunden Sie Bruny Island bei einem umfassenden Ganztagesausflug mit Leuchtturmtour. Tauchen Sie ein in fesselnde Geschichten, genie\u00dfen Sie einen Morgentee am Strand mit k\u00f6stlichen frischen Austern und lassen Sie sich ein k\u00f6stliches Mittagessen in einem charmanten lokalen Hotel schmecken.<\/p>","protected":false},"featured_media":1268,"comment_status":"closed","ping_status":"closed","template":"","meta":[],"product_brand":[],"product_cat":[20,30],"product_tag":[],"class_list":{"0":"post-502","1":"product","2":"type-product","3":"status-publish","4":"has-post-thumbnail","6":"product_cat-australia-the-pacific","7":"product_cat-tours","9":"first","10":"instock","11":"virtual","12":"purchasable","13":"product-type-simple"},"acf":[],"yoast_head":"<!-- This site is optimized with the Yoast SEO plugin v22.9 - https:\/\/yoast.com\/wordpress\/plugins\/seo\/ -->\n<title>Bruny Island Exploration &amp; Culinary Delights - bevacationtravels.com<\/title>\n<meta name=\"robots\" content=\"index, follow, max-snippet:-1, max-image-preview:large, max-video-preview:-1\" \/>\n<link rel=\"canonical\" href=\"https:\/\/bevacationtravels.com\/de\/produkt\/bruny-island-exploration-culinary-delights\/\" \/>\n<meta property=\"og:locale\" content=\"de_DE\" \/>\n<meta property=\"og:type\" content=\"article\" \/>\n<meta property=\"og:title\" content=\"Bruny Island Exploration &amp; Culinary Delights - bevacationtravels.com\" \/>\n<meta property=\"og:description\" content=\"Explore Bruny Island on a comprehensive full-day excursion with a lighthouse tour. Immerse yourself in captivating tales, indulge in morning tea by the beach with delectable fresh oysters, and relish a delightful lunch at a charming local hotel.\" \/>\n<meta property=\"og:url\" content=\"https:\/\/bevacationtravels.com\/de\/produkt\/bruny-island-exploration-culinary-delights\/\" \/>\n<meta property=\"og:site_name\" content=\"bevacationtravels.com\" \/>\n<meta property=\"article:modified_time\" content=\"2024-07-12T13:39:49+00:00\" \/>\n<meta property=\"og:image\" content=\"https:\/\/bevacationtravels.com\/wp-content\/uploads\/2024\/06\/shutterstock_501214834.webp\" \/>\n\t<meta property=\"og:image:width\" content=\"809\" \/>\n\t<meta property=\"og:image:height\" content=\"600\" \/>\n\t<meta property=\"og:image:type\" content=\"image\/webp\" \/>\n<meta name=\"twitter:card\" content=\"summary_large_image\" \/>\n<meta name=\"twitter:label1\" content=\"Gesch\u00e4tzte Lesezeit\" \/>\n\t<meta name=\"twitter:data1\" content=\"1\u00a0Minute\" \/>\n<script type=\"application\/ld+json\" class=\"yoast-schema-graph\">{\"@context\":\"https:\/\/schema.org\",\"@graph\":[{\"@type\":\"WebPage\",\"@id\":\"https:\/\/bevacationtravels.com\/product\/bruny-island-exploration-culinary-delights\/\",\"url\":\"https:\/\/bevacationtravels.com\/product\/bruny-island-exploration-culinary-delights\/\",\"name\":\"Bruny Island Exploration & Culinary Delights - bevacationtravels.com\",\"isPartOf\":{\"@id\":\"https:\/\/bevacationtravels.com\/#website\"},\"primaryImageOfPage\":{\"@id\":\"https:\/\/bevacationtravels.com\/product\/bruny-island-exploration-culinary-delights\/#primaryimage\"},\"image\":{\"@id\":\"https:\/\/bevacationtravels.com\/product\/bruny-island-exploration-culinary-delights\/#primaryimage\"},\"thumbnailUrl\":\"https:\/\/bevacationtravels.com\/wp-content\/uploads\/2024\/06\/shutterstock_501214834.webp\",\"datePublished\":\"2024-06-18T08:02:34+00:00\",\"dateModified\":\"2024-07-12T13:39:49+00:00\",\"breadcrumb\":{\"@id\":\"https:\/\/bevacationtravels.com\/product\/bruny-island-exploration-culinary-delights\/#breadcrumb\"},\"inLanguage\":\"de\",\"potentialAction\":[{\"@type\":\"ReadAction\",\"target\":[\"https:\/\/bevacationtravels.com\/product\/bruny-island-exploration-culinary-delights\/\"]}]},{\"@type\":\"ImageObject\",\"inLanguage\":\"de\",\"@id\":\"https:\/\/bevacationtravels.com\/product\/bruny-island-exploration-culinary-delights\/#primaryimage\",\"url\":\"https:\/\/bevacationtravels.com\/wp-content\/uploads\/2024\/06\/shutterstock_501214834.webp\",\"contentUrl\":\"https:\/\/bevacationtravels.com\/wp-content\/uploads\/2024\/06\/shutterstock_501214834.webp\",\"width\":809,\"height\":600},{\"@type\":\"BreadcrumbList\",\"@id\":\"https:\/\/bevacationtravels.com\/product\/bruny-island-exploration-culinary-delights\/#breadcrumb\",\"itemListElement\":[{\"@type\":\"ListItem\",\"position\":1,\"name\":\"Home\",\"item\":\"https:\/\/bevacationtravels.com\/\"},{\"@type\":\"ListItem\",\"position\":2,\"name\":\"Shop\",\"item\":\"https:\/\/bevacationtravels.com\/shop\/\"},{\"@type\":\"ListItem\",\"position\":3,\"name\":\"Bruny Island Exploration &#038; Culinary Delights\"}]},{\"@type\":\"WebSite\",\"@id\":\"https:\/\/bevacationtravels.com\/#website\",\"url\":\"https:\/\/bevacationtravels.com\/\",\"name\":\"bevacationtravels.com\",\"description\":\"\",\"publisher\":{\"@id\":\"https:\/\/bevacationtravels.com\/#organization\"},\"potentialAction\":[{\"@type\":\"SearchAction\",\"target\":{\"@type\":\"EntryPoint\",\"urlTemplate\":\"https:\/\/bevacationtravels.com\/?s={search_term_string}\"},\"query-input\":\"required name=search_term_string\"}],\"inLanguage\":\"de\"},{\"@type\":\"Organization\",\"@id\":\"https:\/\/bevacationtravels.com\/#organization\",\"name\":\"bevacationtravels.com\",\"url\":\"https:\/\/bevacationtravels.com\/\",\"logo\":{\"@type\":\"ImageObject\",\"inLanguage\":\"de\",\"@id\":\"https:\/\/bevacationtravels.com\/#\/schema\/logo\/image\/\",\"url\":\"https:\/\/bevacationtravels.com\/wp-content\/uploads\/2024\/06\/Group-12.svg\",\"contentUrl\":\"https:\/\/bevacationtravels.com\/wp-content\/uploads\/2024\/06\/Group-12.svg\",\"width\":203,\"height\":32,\"caption\":\"bevacationtravels.com\"},\"image\":{\"@id\":\"https:\/\/bevacationtravels.com\/#\/schema\/logo\/image\/\"}}]}<\/script>\n<!-- \/ Yoast SEO plugin. -->","yoast_head_json":{"title":"Bruny Island Exploration & Culinary Delights - bevacationtravels.com","robots":{"index":"index","follow":"follow","max-snippet":"max-snippet:-1","max-image-preview":"max-image-preview:large","max-video-preview":"max-video-preview:-1"},"canonical":"https:\/\/bevacationtravels.com\/de\/produkt\/bruny-island-exploration-culinary-delights\/","og_locale":"de_DE","og_type":"article","og_title":"Bruny Island Exploration & Culinary Delights - bevacationtravels.com","og_description":"Explore Bruny Island on a comprehensive full-day excursion with a lighthouse tour. Immerse yourself in captivating tales, indulge in morning tea by the beach with delectable fresh oysters, and relish a delightful lunch at a charming local hotel.","og_url":"https:\/\/bevacationtravels.com\/de\/produkt\/bruny-island-exploration-culinary-delights\/","og_site_name":"bevacationtravels.com","article_modified_time":"2024-07-12T13:39:49+00:00","og_image":[{"width":809,"height":600,"url":"https:\/\/bevacationtravels.com\/wp-content\/uploads\/2024\/06\/shutterstock_501214834.webp","type":"image\/webp"}],"twitter_card":"summary_large_image","twitter_misc":{"Gesch\u00e4tzte Lesezeit":"1\u00a0Minute"},"schema":{"@context":"https:\/\/schema.org","@graph":[{"@type":"WebPage","@id":"https:\/\/bevacationtravels.com\/product\/bruny-island-exploration-culinary-delights\/","url":"https:\/\/bevacationtravels.com\/product\/bruny-island-exploration-culinary-delights\/","name":"Bruny Island Exploration & Culinary Delights - bevacationtravels.com","isPartOf":{"@id":"https:\/\/bevacationtravels.com\/#website"},"primaryImageOfPage":{"@id":"https:\/\/bevacationtravels.com\/product\/bruny-island-exploration-culinary-delights\/#primaryimage"},"image":{"@id":"https:\/\/bevacationtravels.com\/product\/bruny-island-exploration-culinary-delights\/#primaryimage"},"thumbnailUrl":"https:\/\/bevacationtravels.com\/wp-content\/uploads\/2024\/06\/shutterstock_501214834.webp","datePublished":"2024-06-18T08:02:34+00:00","dateModified":"2024-07-12T13:39:49+00:00","breadcrumb":{"@id":"https:\/\/bevacationtravels.com\/product\/bruny-island-exploration-culinary-delights\/#breadcrumb"},"inLanguage":"de","potentialAction":[{"@type":"ReadAction","target":["https:\/\/bevacationtravels.com\/product\/bruny-island-exploration-culinary-delights\/"]}]},{"@type":"ImageObject","inLanguage":"de","@id":"https:\/\/bevacationtravels.com\/product\/bruny-island-exploration-culinary-delights\/#primaryimage","url":"https:\/\/bevacationtravels.com\/wp-content\/uploads\/2024\/06\/shutterstock_501214834.webp","contentUrl":"https:\/\/bevacationtravels.com\/wp-content\/uploads\/2024\/06\/shutterstock_501214834.webp","width":809,"height":600},{"@type":"BreadcrumbList","@id":"https:\/\/bevacationtravels.com\/product\/bruny-island-exploration-culinary-delights\/#breadcrumb","itemListElement":[{"@type":"ListItem","position":1,"name":"Home","item":"https:\/\/bevacationtravels.com\/"},{"@type":"ListItem","position":2,"name":"Shop","item":"https:\/\/bevacationtravels.com\/shop\/"},{"@type":"ListItem","position":3,"name":"Bruny Island Exploration &#038; Culinary Delights"}]},{"@type":"WebSite","@id":"https:\/\/bevacationtravels.com\/#website","url":"https:\/\/bevacationtravels.com\/","name":"bevacationtravels.com","description":"","publisher":{"@id":"https:\/\/bevacationtravels.com\/#organization"},"potentialAction":[{"@type":"SearchAction","target":{"@type":"EntryPoint","urlTemplate":"https:\/\/bevacationtravels.com\/?s={search_term_string}"},"query-input":"required name=search_term_string"}],"inLanguage":"de"},{"@type":"Organization","@id":"https:\/\/bevacationtravels.com\/#organization","name":"bevacationtravels.com","url":"https:\/\/bevacationtravels.com\/","logo":{"@type":"ImageObject","inLanguage":"de","@id":"https:\/\/bevacationtravels.com\/#\/schema\/logo\/image\/","url":"https:\/\/bevacationtravels.com\/wp-content\/uploads\/2024\/06\/Group-12.svg","contentUrl":"https:\/\/bevacationtravels.com\/wp-content\/uploads\/2024\/06\/Group-12.svg","width":203,"height":32,"caption":"bevacationtravels.com"},"image":{"@id":"https:\/\/bevacationtravels.com\/#\/schema\/logo\/image\/"}}]}},"_links":{"self":[{"href":"https:\/\/bevacationtravels.com\/de\/wp-json\/wp\/v2\/product\/502","targetHints":{"allow":["GET"]}}],"collection":[{"href":"https:\/\/bevacationtravels.com\/de\/wp-json\/wp\/v2\/product"}],"about":[{"href":"https:\/\/bevacationtravels.com\/de\/wp-json\/wp\/v2\/types\/product"}],"replies":[{"embeddable":true,"href":"https:\/\/bevacationtravels.com\/de\/wp-json\/wp\/v2\/comments?post=502"}],"wp:featuredmedia":[{"embeddable":true,"href":"https:\/\/bevacationtravels.com\/de\/wp-json\/wp\/v2\/media\/1268"}],"wp:attachment":[{"href":"https:\/\/bevacationtravels.com\/de\/wp-json\/wp\/v2\/media?parent=502"}],"wp:term":[{"taxonomy":"product_brand","embeddable":true,"href":"https:\/\/bevacationtravels.com\/de\/wp-json\/wp\/v2\/product_brand?post=502"},{"taxonomy":"product_cat","embeddable":true,"href":"https:\/\/bevacationtravels.com\/de\/wp-json\/wp\/v2\/product_cat?post=502"},{"taxonomy":"product_tag","embeddable":true,"href":"https:\/\/bevacationtravels.com\/de\/wp-json\/wp\/v2\/product_tag?post=502"}],"curies":[{"name":"wp","href":"https:\/\/api.w.org\/{rel}","templated":true}]}}