{"id":514,"date":"2024-06-18T08:02:34","date_gmt":"2024-06-18T08:02:34","guid":{"rendered":"https:\/\/bevacationtravels.com\/product\/sandbank-snorkeling-and-dolphin-cruise-at-the-maldives\/"},"modified":"2024-07-12T13:40:15","modified_gmt":"2024-07-12T13:40:15","slug":"maldives-sandbank-visit-snorkeling-and-dolphin-watching-cruise","status":"publish","type":"product","link":"https:\/\/bevacationtravels.com\/de\/produkt\/maldives-sandbank-visit-snorkeling-and-dolphin-watching-cruise\/","title":{"rendered":"Malediven: Besuch einer Sandbank, Schnorcheln und Delfinbeobachtungsfahrt"},"content":{"rendered":"<p><span style=\"font-weight: 400;\">Erleben Sie einen Tag voller Wildtiere und Naturwunder auf den Malediven mit dieser aufregenden Tagestour. \u00dcberlassen Sie uns die Planung der Reiseroute, denn wir haben ein ganzt\u00e4giges Abenteuer f\u00fcr Sie organisiert. Maximieren Sie Ihre Zeit, indem Sie eine Reihe von Aktivit\u00e4ten an einem einzigen Tag genie\u00dfen, wie z. B. einen Ausflug zu einer Sandbank, gef\u00fchrtes Schnorcheln, Kanufahren, Delfinbeobachtung und ein k\u00f6stliches Picknick-Mittagessen.<\/span><\/p>","protected":false},"excerpt":{"rendered":"<p>Experience a day of wildlife and natural wonders in the Maldives with this thrilling day tour. Leave the itinerary planning to us as we&#8217;ve organised a full-day adventure for you. Maximise your time by enjoying a range of activities in a single day, such as a sandbank excursion, guided snorkelling, canoeing, dolphin watching, and a [&hellip;]<\/p>","protected":false},"featured_media":1264,"comment_status":"closed","ping_status":"closed","template":"","meta":[],"product_brand":[],"product_cat":[19,30],"product_tag":[],"class_list":{"0":"post-514","1":"product","2":"type-product","3":"status-publish","4":"has-post-thumbnail","6":"product_cat-asia","7":"product_cat-tours","9":"first","10":"instock","11":"virtual","12":"purchasable","13":"product-type-simple"},"acf":[],"yoast_head":"<!-- This site is optimized with the Yoast SEO plugin v22.9 - https:\/\/yoast.com\/wordpress\/plugins\/seo\/ -->\n<title>Maldives: Sandbank Visit, Snorkeling, and Dolphin Watching Cruise - bevacationtravels.com<\/title>\n<meta name=\"robots\" content=\"index, follow, max-snippet:-1, max-image-preview:large, max-video-preview:-1\" \/>\n<link rel=\"canonical\" href=\"https:\/\/bevacationtravels.com\/de\/produkt\/maldives-sandbank-visit-snorkeling-and-dolphin-watching-cruise\/\" \/>\n<meta property=\"og:locale\" content=\"de_DE\" \/>\n<meta property=\"og:type\" content=\"article\" \/>\n<meta property=\"og:title\" content=\"Maldives: Sandbank Visit, Snorkeling, and Dolphin Watching Cruise - bevacationtravels.com\" \/>\n<meta property=\"og:description\" content=\"Experience a day of wildlife and natural wonders in the Maldives with this thrilling day tour. Leave the itinerary planning to us as we&#8217;ve organised a full-day adventure for you. Maximise your time by enjoying a range of activities in a single day, such as a sandbank excursion, guided snorkelling, canoeing, dolphin watching, and a [&hellip;]\" \/>\n<meta property=\"og:url\" content=\"https:\/\/bevacationtravels.com\/de\/produkt\/maldives-sandbank-visit-snorkeling-and-dolphin-watching-cruise\/\" \/>\n<meta property=\"og:site_name\" content=\"bevacationtravels.com\" \/>\n<meta property=\"article:modified_time\" content=\"2024-07-12T13:40:15+00:00\" \/>\n<meta property=\"og:image\" content=\"https:\/\/bevacationtravels.com\/wp-content\/uploads\/2024\/06\/shutterstock_1884529333-1.webp\" \/>\n\t<meta property=\"og:image:width\" content=\"1600\" \/>\n\t<meta property=\"og:image:height\" content=\"1067\" \/>\n\t<meta property=\"og:image:type\" content=\"image\/webp\" \/>\n<meta name=\"twitter:card\" content=\"summary_large_image\" \/>\n<meta name=\"twitter:label1\" content=\"Gesch\u00e4tzte Lesezeit\" \/>\n\t<meta name=\"twitter:data1\" content=\"1\u00a0Minute\" \/>\n<script type=\"application\/ld+json\" class=\"yoast-schema-graph\">{\"@context\":\"https:\/\/schema.org\",\"@graph\":[{\"@type\":\"WebPage\",\"@id\":\"https:\/\/bevacationtravels.com\/product\/maldives-sandbank-visit-snorkeling-and-dolphin-watching-cruise\/\",\"url\":\"https:\/\/bevacationtravels.com\/product\/maldives-sandbank-visit-snorkeling-and-dolphin-watching-cruise\/\",\"name\":\"Maldives: Sandbank Visit, Snorkeling, and Dolphin Watching Cruise - bevacationtravels.com\",\"isPartOf\":{\"@id\":\"https:\/\/bevacationtravels.com\/#website\"},\"primaryImageOfPage\":{\"@id\":\"https:\/\/bevacationtravels.com\/product\/maldives-sandbank-visit-snorkeling-and-dolphin-watching-cruise\/#primaryimage\"},\"image\":{\"@id\":\"https:\/\/bevacationtravels.com\/product\/maldives-sandbank-visit-snorkeling-and-dolphin-watching-cruise\/#primaryimage\"},\"thumbnailUrl\":\"https:\/\/bevacationtravels.com\/wp-content\/uploads\/2024\/06\/shutterstock_1884529333-1.webp\",\"datePublished\":\"2024-06-18T08:02:34+00:00\",\"dateModified\":\"2024-07-12T13:40:15+00:00\",\"breadcrumb\":{\"@id\":\"https:\/\/bevacationtravels.com\/product\/maldives-sandbank-visit-snorkeling-and-dolphin-watching-cruise\/#breadcrumb\"},\"inLanguage\":\"de\",\"potentialAction\":[{\"@type\":\"ReadAction\",\"target\":[\"https:\/\/bevacationtravels.com\/product\/maldives-sandbank-visit-snorkeling-and-dolphin-watching-cruise\/\"]}]},{\"@type\":\"ImageObject\",\"inLanguage\":\"de\",\"@id\":\"https:\/\/bevacationtravels.com\/product\/maldives-sandbank-visit-snorkeling-and-dolphin-watching-cruise\/#primaryimage\",\"url\":\"https:\/\/bevacationtravels.com\/wp-content\/uploads\/2024\/06\/shutterstock_1884529333-1.webp\",\"contentUrl\":\"https:\/\/bevacationtravels.com\/wp-content\/uploads\/2024\/06\/shutterstock_1884529333-1.webp\",\"width\":1600,\"height\":1067},{\"@type\":\"BreadcrumbList\",\"@id\":\"https:\/\/bevacationtravels.com\/product\/maldives-sandbank-visit-snorkeling-and-dolphin-watching-cruise\/#breadcrumb\",\"itemListElement\":[{\"@type\":\"ListItem\",\"position\":1,\"name\":\"Home\",\"item\":\"https:\/\/bevacationtravels.com\/\"},{\"@type\":\"ListItem\",\"position\":2,\"name\":\"Shop\",\"item\":\"https:\/\/bevacationtravels.com\/shop\/\"},{\"@type\":\"ListItem\",\"position\":3,\"name\":\"Maldives: Sandbank Visit, Snorkeling, and Dolphin Watching Cruise\"}]},{\"@type\":\"WebSite\",\"@id\":\"https:\/\/bevacationtravels.com\/#website\",\"url\":\"https:\/\/bevacationtravels.com\/\",\"name\":\"bevacationtravels.com\",\"description\":\"\",\"publisher\":{\"@id\":\"https:\/\/bevacationtravels.com\/#organization\"},\"potentialAction\":[{\"@type\":\"SearchAction\",\"target\":{\"@type\":\"EntryPoint\",\"urlTemplate\":\"https:\/\/bevacationtravels.com\/?s={search_term_string}\"},\"query-input\":\"required name=search_term_string\"}],\"inLanguage\":\"de\"},{\"@type\":\"Organization\",\"@id\":\"https:\/\/bevacationtravels.com\/#organization\",\"name\":\"bevacationtravels.com\",\"url\":\"https:\/\/bevacationtravels.com\/\",\"logo\":{\"@type\":\"ImageObject\",\"inLanguage\":\"de\",\"@id\":\"https:\/\/bevacationtravels.com\/#\/schema\/logo\/image\/\",\"url\":\"https:\/\/bevacationtravels.com\/wp-content\/uploads\/2024\/06\/Group-12.svg\",\"contentUrl\":\"https:\/\/bevacationtravels.com\/wp-content\/uploads\/2024\/06\/Group-12.svg\",\"width\":203,\"height\":32,\"caption\":\"bevacationtravels.com\"},\"image\":{\"@id\":\"https:\/\/bevacationtravels.com\/#\/schema\/logo\/image\/\"}}]}<\/script>\n<!-- \/ Yoast SEO plugin. -->","yoast_head_json":{"title":"Maldives: Sandbank Visit, Snorkeling, and Dolphin Watching Cruise - bevacationtravels.com","robots":{"index":"index","follow":"follow","max-snippet":"max-snippet:-1","max-image-preview":"max-image-preview:large","max-video-preview":"max-video-preview:-1"},"canonical":"https:\/\/bevacationtravels.com\/de\/produkt\/maldives-sandbank-visit-snorkeling-and-dolphin-watching-cruise\/","og_locale":"de_DE","og_type":"article","og_title":"Maldives: Sandbank Visit, Snorkeling, and Dolphin Watching Cruise - bevacationtravels.com","og_description":"Experience a day of wildlife and natural wonders in the Maldives with this thrilling day tour. Leave the itinerary planning to us as we&#8217;ve organised a full-day adventure for you. Maximise your time by enjoying a range of activities in a single day, such as a sandbank excursion, guided snorkelling, canoeing, dolphin watching, and a [&hellip;]","og_url":"https:\/\/bevacationtravels.com\/de\/produkt\/maldives-sandbank-visit-snorkeling-and-dolphin-watching-cruise\/","og_site_name":"bevacationtravels.com","article_modified_time":"2024-07-12T13:40:15+00:00","og_image":[{"width":1600,"height":1067,"url":"https:\/\/bevacationtravels.com\/wp-content\/uploads\/2024\/06\/shutterstock_1884529333-1.webp","type":"image\/webp"}],"twitter_card":"summary_large_image","twitter_misc":{"Gesch\u00e4tzte Lesezeit":"1\u00a0Minute"},"schema":{"@context":"https:\/\/schema.org","@graph":[{"@type":"WebPage","@id":"https:\/\/bevacationtravels.com\/product\/maldives-sandbank-visit-snorkeling-and-dolphin-watching-cruise\/","url":"https:\/\/bevacationtravels.com\/product\/maldives-sandbank-visit-snorkeling-and-dolphin-watching-cruise\/","name":"Maldives: Sandbank Visit, Snorkeling, and Dolphin Watching Cruise - bevacationtravels.com","isPartOf":{"@id":"https:\/\/bevacationtravels.com\/#website"},"primaryImageOfPage":{"@id":"https:\/\/bevacationtravels.com\/product\/maldives-sandbank-visit-snorkeling-and-dolphin-watching-cruise\/#primaryimage"},"image":{"@id":"https:\/\/bevacationtravels.com\/product\/maldives-sandbank-visit-snorkeling-and-dolphin-watching-cruise\/#primaryimage"},"thumbnailUrl":"https:\/\/bevacationtravels.com\/wp-content\/uploads\/2024\/06\/shutterstock_1884529333-1.webp","datePublished":"2024-06-18T08:02:34+00:00","dateModified":"2024-07-12T13:40:15+00:00","breadcrumb":{"@id":"https:\/\/bevacationtravels.com\/product\/maldives-sandbank-visit-snorkeling-and-dolphin-watching-cruise\/#breadcrumb"},"inLanguage":"de","potentialAction":[{"@type":"ReadAction","target":["https:\/\/bevacationtravels.com\/product\/maldives-sandbank-visit-snorkeling-and-dolphin-watching-cruise\/"]}]},{"@type":"ImageObject","inLanguage":"de","@id":"https:\/\/bevacationtravels.com\/product\/maldives-sandbank-visit-snorkeling-and-dolphin-watching-cruise\/#primaryimage","url":"https:\/\/bevacationtravels.com\/wp-content\/uploads\/2024\/06\/shutterstock_1884529333-1.webp","contentUrl":"https:\/\/bevacationtravels.com\/wp-content\/uploads\/2024\/06\/shutterstock_1884529333-1.webp","width":1600,"height":1067},{"@type":"BreadcrumbList","@id":"https:\/\/bevacationtravels.com\/product\/maldives-sandbank-visit-snorkeling-and-dolphin-watching-cruise\/#breadcrumb","itemListElement":[{"@type":"ListItem","position":1,"name":"Home","item":"https:\/\/bevacationtravels.com\/"},{"@type":"ListItem","position":2,"name":"Shop","item":"https:\/\/bevacationtravels.com\/shop\/"},{"@type":"ListItem","position":3,"name":"Maldives: Sandbank Visit, Snorkeling, and Dolphin Watching Cruise"}]},{"@type":"WebSite","@id":"https:\/\/bevacationtravels.com\/#website","url":"https:\/\/bevacationtravels.com\/","name":"bevacationtravels.com","description":"","publisher":{"@id":"https:\/\/bevacationtravels.com\/#organization"},"potentialAction":[{"@type":"SearchAction","target":{"@type":"EntryPoint","urlTemplate":"https:\/\/bevacationtravels.com\/?s={search_term_string}"},"query-input":"required name=search_term_string"}],"inLanguage":"de"},{"@type":"Organization","@id":"https:\/\/bevacationtravels.com\/#organization","name":"bevacationtravels.com","url":"https:\/\/bevacationtravels.com\/","logo":{"@type":"ImageObject","inLanguage":"de","@id":"https:\/\/bevacationtravels.com\/#\/schema\/logo\/image\/","url":"https:\/\/bevacationtravels.com\/wp-content\/uploads\/2024\/06\/Group-12.svg","contentUrl":"https:\/\/bevacationtravels.com\/wp-content\/uploads\/2024\/06\/Group-12.svg","width":203,"height":32,"caption":"bevacationtravels.com"},"image":{"@id":"https:\/\/bevacationtravels.com\/#\/schema\/logo\/image\/"}}]}},"_links":{"self":[{"href":"https:\/\/bevacationtravels.com\/de\/wp-json\/wp\/v2\/product\/514","targetHints":{"allow":["GET"]}}],"collection":[{"href":"https:\/\/bevacationtravels.com\/de\/wp-json\/wp\/v2\/product"}],"about":[{"href":"https:\/\/bevacationtravels.com\/de\/wp-json\/wp\/v2\/types\/product"}],"replies":[{"embeddable":true,"href":"https:\/\/bevacationtravels.com\/de\/wp-json\/wp\/v2\/comments?post=514"}],"wp:featuredmedia":[{"embeddable":true,"href":"https:\/\/bevacationtravels.com\/de\/wp-json\/wp\/v2\/media\/1264"}],"wp:attachment":[{"href":"https:\/\/bevacationtravels.com\/de\/wp-json\/wp\/v2\/media?parent=514"}],"wp:term":[{"taxonomy":"product_brand","embeddable":true,"href":"https:\/\/bevacationtravels.com\/de\/wp-json\/wp\/v2\/product_brand?post=514"},{"taxonomy":"product_cat","embeddable":true,"href":"https:\/\/bevacationtravels.com\/de\/wp-json\/wp\/v2\/product_cat?post=514"},{"taxonomy":"product_tag","embeddable":true,"href":"https:\/\/bevacationtravels.com\/de\/wp-json\/wp\/v2\/product_tag?post=514"}],"curies":[{"name":"wp","href":"https:\/\/api.w.org\/{rel}","templated":true}]}}