{"id":710,"date":"2024-06-18T08:13:07","date_gmt":"2024-06-18T08:13:07","guid":{"rendered":"https:\/\/bevacationtravels.com\/product\/full-day-tour-of-valparaiso-port-and-vina-del-mar-from-santiago\/"},"modified":"2024-07-12T13:32:18","modified_gmt":"2024-07-12T13:32:18","slug":"santiago-to-valparaiso-and-vina-del-mar-full-day-guided-tour","status":"publish","type":"product","link":"https:\/\/bevacationtravels.com\/de\/produkt\/santiago-to-valparaiso-and-vina-del-mar-full-day-guided-tour\/","title":{"rendered":"Von Santiago nach Valparaiso und Vi\u00f1a Del Mar: Ganzt\u00e4gige gef\u00fchrte Tour"},"content":{"rendered":"<p><span style=\"font-weight: 400;\">Entdecken Sie die lebhaften Farben und die reiche Kultur des Hafens von Valparaiso und Vi\u00f1a del Mar auf einer faszinierenden Ganztagestour ab Santiago. Durchqueren Sie die atemberaubende chilenische Landschaft mit einem Halt im malerischen Casablanca-Tal, wo Sie lokale chilenische Weine probieren k\u00f6nnen. In der \u00fcppigen Stadt Vi\u00f1a del Mar angekommen, k\u00f6nnen Sie die Sch\u00f6nheit des unber\u00fchrten Strandes genie\u00dfen und sich bei einem k\u00f6stlichen Mittagessen am Meer erholen (auf eigene Kosten). <\/span><\/p>","protected":false},"excerpt":{"rendered":"<p>Explore the vibrant hues and rich culture of Valparaiso Port and Vi\u00f1a del Mar with a captivating full-day tour departing from Santiago. Traverse the stunning Chilean countryside with a delightful stop at the picturesque Casablanca Valley to savour local Chilean wines. Arrive in the lush city of Vi\u00f1a del Mar, where you can soak in [&hellip;]<\/p>","protected":false},"featured_media":1144,"comment_status":"closed","ping_status":"closed","template":"","meta":[],"product_brand":[],"product_cat":[22,30],"product_tag":[],"class_list":{"0":"post-710","1":"product","2":"type-product","3":"status-publish","4":"has-post-thumbnail","6":"product_cat-central-south-america","7":"product_cat-tours","9":"first","10":"instock","11":"virtual","12":"purchasable","13":"product-type-simple"},"acf":[],"yoast_head":"<!-- This site is optimized with the Yoast SEO plugin v22.9 - https:\/\/yoast.com\/wordpress\/plugins\/seo\/ -->\n<title>Santiago to Valparaiso and Vi\u00f1a Del Mar: Full-Day Guided Tour - bevacationtravels.com<\/title>\n<meta name=\"robots\" content=\"index, follow, max-snippet:-1, max-image-preview:large, max-video-preview:-1\" \/>\n<link rel=\"canonical\" href=\"https:\/\/bevacationtravels.com\/de\/produkt\/santiago-to-valparaiso-and-vina-del-mar-full-day-guided-tour\/\" \/>\n<meta property=\"og:locale\" content=\"de_DE\" \/>\n<meta property=\"og:type\" content=\"article\" \/>\n<meta property=\"og:title\" content=\"Santiago to Valparaiso and Vi\u00f1a Del Mar: Full-Day Guided Tour - bevacationtravels.com\" \/>\n<meta property=\"og:description\" content=\"Explore the vibrant hues and rich culture of Valparaiso Port and Vi\u00f1a del Mar with a captivating full-day tour departing from Santiago. Traverse the stunning Chilean countryside with a delightful stop at the picturesque Casablanca Valley to savour local Chilean wines. Arrive in the lush city of Vi\u00f1a del Mar, where you can soak in [&hellip;]\" \/>\n<meta property=\"og:url\" content=\"https:\/\/bevacationtravels.com\/de\/produkt\/santiago-to-valparaiso-and-vina-del-mar-full-day-guided-tour\/\" \/>\n<meta property=\"og:site_name\" content=\"bevacationtravels.com\" \/>\n<meta property=\"article:modified_time\" content=\"2024-07-12T13:32:18+00:00\" \/>\n<meta property=\"og:image\" content=\"https:\/\/bevacationtravels.com\/wp-content\/uploads\/2024\/06\/shutterstock_573044914.webp\" \/>\n\t<meta property=\"og:image:width\" content=\"1229\" \/>\n\t<meta property=\"og:image:height\" content=\"820\" \/>\n\t<meta property=\"og:image:type\" content=\"image\/webp\" \/>\n<meta name=\"twitter:card\" content=\"summary_large_image\" \/>\n<meta name=\"twitter:label1\" content=\"Gesch\u00e4tzte Lesezeit\" \/>\n\t<meta name=\"twitter:data1\" content=\"1\u00a0Minute\" \/>\n<script type=\"application\/ld+json\" class=\"yoast-schema-graph\">{\"@context\":\"https:\/\/schema.org\",\"@graph\":[{\"@type\":\"WebPage\",\"@id\":\"https:\/\/bevacationtravels.com\/product\/santiago-to-valparaiso-and-vina-del-mar-full-day-guided-tour\/\",\"url\":\"https:\/\/bevacationtravels.com\/product\/santiago-to-valparaiso-and-vina-del-mar-full-day-guided-tour\/\",\"name\":\"Santiago to Valparaiso and Vi\u00f1a Del Mar: Full-Day Guided Tour - bevacationtravels.com\",\"isPartOf\":{\"@id\":\"https:\/\/bevacationtravels.com\/#website\"},\"primaryImageOfPage\":{\"@id\":\"https:\/\/bevacationtravels.com\/product\/santiago-to-valparaiso-and-vina-del-mar-full-day-guided-tour\/#primaryimage\"},\"image\":{\"@id\":\"https:\/\/bevacationtravels.com\/product\/santiago-to-valparaiso-and-vina-del-mar-full-day-guided-tour\/#primaryimage\"},\"thumbnailUrl\":\"https:\/\/bevacationtravels.com\/wp-content\/uploads\/2024\/06\/shutterstock_573044914.webp\",\"datePublished\":\"2024-06-18T08:13:07+00:00\",\"dateModified\":\"2024-07-12T13:32:18+00:00\",\"breadcrumb\":{\"@id\":\"https:\/\/bevacationtravels.com\/product\/santiago-to-valparaiso-and-vina-del-mar-full-day-guided-tour\/#breadcrumb\"},\"inLanguage\":\"de\",\"potentialAction\":[{\"@type\":\"ReadAction\",\"target\":[\"https:\/\/bevacationtravels.com\/product\/santiago-to-valparaiso-and-vina-del-mar-full-day-guided-tour\/\"]}]},{\"@type\":\"ImageObject\",\"inLanguage\":\"de\",\"@id\":\"https:\/\/bevacationtravels.com\/product\/santiago-to-valparaiso-and-vina-del-mar-full-day-guided-tour\/#primaryimage\",\"url\":\"https:\/\/bevacationtravels.com\/wp-content\/uploads\/2024\/06\/shutterstock_573044914.webp\",\"contentUrl\":\"https:\/\/bevacationtravels.com\/wp-content\/uploads\/2024\/06\/shutterstock_573044914.webp\",\"width\":1229,\"height\":820},{\"@type\":\"BreadcrumbList\",\"@id\":\"https:\/\/bevacationtravels.com\/product\/santiago-to-valparaiso-and-vina-del-mar-full-day-guided-tour\/#breadcrumb\",\"itemListElement\":[{\"@type\":\"ListItem\",\"position\":1,\"name\":\"Home\",\"item\":\"https:\/\/bevacationtravels.com\/\"},{\"@type\":\"ListItem\",\"position\":2,\"name\":\"Shop\",\"item\":\"https:\/\/bevacationtravels.com\/shop\/\"},{\"@type\":\"ListItem\",\"position\":3,\"name\":\"Santiago to Valparaiso and Vi\u00f1a Del Mar: Full-Day Guided Tour\"}]},{\"@type\":\"WebSite\",\"@id\":\"https:\/\/bevacationtravels.com\/#website\",\"url\":\"https:\/\/bevacationtravels.com\/\",\"name\":\"bevacationtravels.com\",\"description\":\"\",\"publisher\":{\"@id\":\"https:\/\/bevacationtravels.com\/#organization\"},\"potentialAction\":[{\"@type\":\"SearchAction\",\"target\":{\"@type\":\"EntryPoint\",\"urlTemplate\":\"https:\/\/bevacationtravels.com\/?s={search_term_string}\"},\"query-input\":\"required name=search_term_string\"}],\"inLanguage\":\"de\"},{\"@type\":\"Organization\",\"@id\":\"https:\/\/bevacationtravels.com\/#organization\",\"name\":\"bevacationtravels.com\",\"url\":\"https:\/\/bevacationtravels.com\/\",\"logo\":{\"@type\":\"ImageObject\",\"inLanguage\":\"de\",\"@id\":\"https:\/\/bevacationtravels.com\/#\/schema\/logo\/image\/\",\"url\":\"https:\/\/bevacationtravels.com\/wp-content\/uploads\/2024\/06\/Group-12.svg\",\"contentUrl\":\"https:\/\/bevacationtravels.com\/wp-content\/uploads\/2024\/06\/Group-12.svg\",\"width\":203,\"height\":32,\"caption\":\"bevacationtravels.com\"},\"image\":{\"@id\":\"https:\/\/bevacationtravels.com\/#\/schema\/logo\/image\/\"}}]}<\/script>\n<!-- \/ Yoast SEO plugin. -->","yoast_head_json":{"title":"Santiago to Valparaiso and Vi\u00f1a Del Mar: Full-Day Guided Tour - bevacationtravels.com","robots":{"index":"index","follow":"follow","max-snippet":"max-snippet:-1","max-image-preview":"max-image-preview:large","max-video-preview":"max-video-preview:-1"},"canonical":"https:\/\/bevacationtravels.com\/de\/produkt\/santiago-to-valparaiso-and-vina-del-mar-full-day-guided-tour\/","og_locale":"de_DE","og_type":"article","og_title":"Santiago to Valparaiso and Vi\u00f1a Del Mar: Full-Day Guided Tour - bevacationtravels.com","og_description":"Explore the vibrant hues and rich culture of Valparaiso Port and Vi\u00f1a del Mar with a captivating full-day tour departing from Santiago. Traverse the stunning Chilean countryside with a delightful stop at the picturesque Casablanca Valley to savour local Chilean wines. Arrive in the lush city of Vi\u00f1a del Mar, where you can soak in [&hellip;]","og_url":"https:\/\/bevacationtravels.com\/de\/produkt\/santiago-to-valparaiso-and-vina-del-mar-full-day-guided-tour\/","og_site_name":"bevacationtravels.com","article_modified_time":"2024-07-12T13:32:18+00:00","og_image":[{"width":1229,"height":820,"url":"https:\/\/bevacationtravels.com\/wp-content\/uploads\/2024\/06\/shutterstock_573044914.webp","type":"image\/webp"}],"twitter_card":"summary_large_image","twitter_misc":{"Gesch\u00e4tzte Lesezeit":"1\u00a0Minute"},"schema":{"@context":"https:\/\/schema.org","@graph":[{"@type":"WebPage","@id":"https:\/\/bevacationtravels.com\/product\/santiago-to-valparaiso-and-vina-del-mar-full-day-guided-tour\/","url":"https:\/\/bevacationtravels.com\/product\/santiago-to-valparaiso-and-vina-del-mar-full-day-guided-tour\/","name":"Santiago to Valparaiso and Vi\u00f1a Del Mar: Full-Day Guided Tour - bevacationtravels.com","isPartOf":{"@id":"https:\/\/bevacationtravels.com\/#website"},"primaryImageOfPage":{"@id":"https:\/\/bevacationtravels.com\/product\/santiago-to-valparaiso-and-vina-del-mar-full-day-guided-tour\/#primaryimage"},"image":{"@id":"https:\/\/bevacationtravels.com\/product\/santiago-to-valparaiso-and-vina-del-mar-full-day-guided-tour\/#primaryimage"},"thumbnailUrl":"https:\/\/bevacationtravels.com\/wp-content\/uploads\/2024\/06\/shutterstock_573044914.webp","datePublished":"2024-06-18T08:13:07+00:00","dateModified":"2024-07-12T13:32:18+00:00","breadcrumb":{"@id":"https:\/\/bevacationtravels.com\/product\/santiago-to-valparaiso-and-vina-del-mar-full-day-guided-tour\/#breadcrumb"},"inLanguage":"de","potentialAction":[{"@type":"ReadAction","target":["https:\/\/bevacationtravels.com\/product\/santiago-to-valparaiso-and-vina-del-mar-full-day-guided-tour\/"]}]},{"@type":"ImageObject","inLanguage":"de","@id":"https:\/\/bevacationtravels.com\/product\/santiago-to-valparaiso-and-vina-del-mar-full-day-guided-tour\/#primaryimage","url":"https:\/\/bevacationtravels.com\/wp-content\/uploads\/2024\/06\/shutterstock_573044914.webp","contentUrl":"https:\/\/bevacationtravels.com\/wp-content\/uploads\/2024\/06\/shutterstock_573044914.webp","width":1229,"height":820},{"@type":"BreadcrumbList","@id":"https:\/\/bevacationtravels.com\/product\/santiago-to-valparaiso-and-vina-del-mar-full-day-guided-tour\/#breadcrumb","itemListElement":[{"@type":"ListItem","position":1,"name":"Home","item":"https:\/\/bevacationtravels.com\/"},{"@type":"ListItem","position":2,"name":"Shop","item":"https:\/\/bevacationtravels.com\/shop\/"},{"@type":"ListItem","position":3,"name":"Santiago to Valparaiso and Vi\u00f1a Del Mar: Full-Day Guided Tour"}]},{"@type":"WebSite","@id":"https:\/\/bevacationtravels.com\/#website","url":"https:\/\/bevacationtravels.com\/","name":"bevacationtravels.com","description":"","publisher":{"@id":"https:\/\/bevacationtravels.com\/#organization"},"potentialAction":[{"@type":"SearchAction","target":{"@type":"EntryPoint","urlTemplate":"https:\/\/bevacationtravels.com\/?s={search_term_string}"},"query-input":"required name=search_term_string"}],"inLanguage":"de"},{"@type":"Organization","@id":"https:\/\/bevacationtravels.com\/#organization","name":"bevacationtravels.com","url":"https:\/\/bevacationtravels.com\/","logo":{"@type":"ImageObject","inLanguage":"de","@id":"https:\/\/bevacationtravels.com\/#\/schema\/logo\/image\/","url":"https:\/\/bevacationtravels.com\/wp-content\/uploads\/2024\/06\/Group-12.svg","contentUrl":"https:\/\/bevacationtravels.com\/wp-content\/uploads\/2024\/06\/Group-12.svg","width":203,"height":32,"caption":"bevacationtravels.com"},"image":{"@id":"https:\/\/bevacationtravels.com\/#\/schema\/logo\/image\/"}}]}},"_links":{"self":[{"href":"https:\/\/bevacationtravels.com\/de\/wp-json\/wp\/v2\/product\/710","targetHints":{"allow":["GET"]}}],"collection":[{"href":"https:\/\/bevacationtravels.com\/de\/wp-json\/wp\/v2\/product"}],"about":[{"href":"https:\/\/bevacationtravels.com\/de\/wp-json\/wp\/v2\/types\/product"}],"replies":[{"embeddable":true,"href":"https:\/\/bevacationtravels.com\/de\/wp-json\/wp\/v2\/comments?post=710"}],"wp:featuredmedia":[{"embeddable":true,"href":"https:\/\/bevacationtravels.com\/de\/wp-json\/wp\/v2\/media\/1144"}],"wp:attachment":[{"href":"https:\/\/bevacationtravels.com\/de\/wp-json\/wp\/v2\/media?parent=710"}],"wp:term":[{"taxonomy":"product_brand","embeddable":true,"href":"https:\/\/bevacationtravels.com\/de\/wp-json\/wp\/v2\/product_brand?post=710"},{"taxonomy":"product_cat","embeddable":true,"href":"https:\/\/bevacationtravels.com\/de\/wp-json\/wp\/v2\/product_cat?post=710"},{"taxonomy":"product_tag","embeddable":true,"href":"https:\/\/bevacationtravels.com\/de\/wp-json\/wp\/v2\/product_tag?post=710"}],"curies":[{"name":"wp","href":"https:\/\/api.w.org\/{rel}","templated":true}]}}