{"id":782,"date":"2024-06-18T08:14:20","date_gmt":"2024-06-18T08:14:20","guid":{"rendered":"https:\/\/bevacationtravels.com\/product\/cancun-mexico-chichen-itza-cenote-valladolid-all-inclusive-tour\/"},"modified":"2024-07-12T13:52:13","modified_gmt":"2024-07-12T13:52:13","slug":"cancun-mexico-all-inclusive-tour-of-chichen-itza-cenote-and-valladolid","status":"publish","type":"product","link":"https:\/\/bevacationtravels.com\/de\/produkt\/cancun-mexico-all-inclusive-tour-of-chichen-itza-cenote-and-valladolid\/","title":{"rendered":"Canc\u00fan, Mexiko: All-Inclusive-Tour zu Chichen Itza, Cenote und Valladolid"},"content":{"rendered":"<p><span style=\"font-weight: 400;\">Entdecken Sie die reiche Geschichte der Halbinsel Yucatan auf diesem Ganztagesausflug von Cancun oder der Riviera Maya aus. Erkunden Sie die antike Maya-St\u00e4tte Chichen Itza, bestaunen Sie die bemerkenswerte Pyramide von Kukulcan und schlendern Sie durch das charmante St\u00e4dtchen Valladolid. Nach einem Tag voller Entdeckungen k\u00f6nnen Sie sich im kristallklaren Wasser einer Cenote erfrischen und ein k\u00f6stliches Buffet genie\u00dfen. <\/span><\/p>","protected":false},"excerpt":{"rendered":"<p>Discover the rich history of the Yucatan Peninsula on this full-day excursion from Cancun or the Riviera Maya. Explore the ancient Maya site of Chichen Itza, gaze at the remarkable pyramid of Kukulcan, and wander through the charming town of Valladolid. After a day of exploration, rejuvenate yourself in a cenote&#8217;s crystal-clear waters and savour [&hellip;]<\/p>","protected":false},"featured_media":1179,"comment_status":"closed","ping_status":"closed","template":"","meta":[],"product_brand":[],"product_cat":[22,30],"product_tag":[],"class_list":{"0":"post-782","1":"product","2":"type-product","3":"status-publish","4":"has-post-thumbnail","6":"product_cat-central-south-america","7":"product_cat-tours","9":"first","10":"instock","11":"virtual","12":"purchasable","13":"product-type-simple"},"acf":[],"yoast_head":"<!-- This site is optimized with the Yoast SEO plugin v22.9 - https:\/\/yoast.com\/wordpress\/plugins\/seo\/ -->\n<title>Canc\u00fan, Mexico: All-Inclusive Tour of Chichen Itza, Cenote, and Valladolid - bevacationtravels.com<\/title>\n<meta name=\"robots\" content=\"index, follow, max-snippet:-1, max-image-preview:large, max-video-preview:-1\" \/>\n<link rel=\"canonical\" href=\"https:\/\/bevacationtravels.com\/de\/produkt\/cancun-mexico-all-inclusive-tour-of-chichen-itza-cenote-and-valladolid\/\" \/>\n<meta property=\"og:locale\" content=\"de_DE\" \/>\n<meta property=\"og:type\" content=\"article\" \/>\n<meta property=\"og:title\" content=\"Canc\u00fan, Mexico: All-Inclusive Tour of Chichen Itza, Cenote, and Valladolid - bevacationtravels.com\" \/>\n<meta property=\"og:description\" content=\"Discover the rich history of the Yucatan Peninsula on this full-day excursion from Cancun or the Riviera Maya. Explore the ancient Maya site of Chichen Itza, gaze at the remarkable pyramid of Kukulcan, and wander through the charming town of Valladolid. After a day of exploration, rejuvenate yourself in a cenote&#8217;s crystal-clear waters and savour [&hellip;]\" \/>\n<meta property=\"og:url\" content=\"https:\/\/bevacationtravels.com\/de\/produkt\/cancun-mexico-all-inclusive-tour-of-chichen-itza-cenote-and-valladolid\/\" \/>\n<meta property=\"og:site_name\" content=\"bevacationtravels.com\" \/>\n<meta property=\"article:modified_time\" content=\"2024-07-12T13:52:13+00:00\" \/>\n<meta property=\"og:image\" content=\"https:\/\/bevacationtravels.com\/wp-content\/uploads\/2024\/06\/shutterstock_631772996.webp\" \/>\n\t<meta property=\"og:image:width\" content=\"1229\" \/>\n\t<meta property=\"og:image:height\" content=\"821\" \/>\n\t<meta property=\"og:image:type\" content=\"image\/webp\" \/>\n<meta name=\"twitter:card\" content=\"summary_large_image\" \/>\n<meta name=\"twitter:label1\" content=\"Gesch\u00e4tzte Lesezeit\" \/>\n\t<meta name=\"twitter:data1\" content=\"1\u00a0Minute\" \/>\n<script type=\"application\/ld+json\" class=\"yoast-schema-graph\">{\"@context\":\"https:\/\/schema.org\",\"@graph\":[{\"@type\":\"WebPage\",\"@id\":\"https:\/\/bevacationtravels.com\/product\/cancun-mexico-all-inclusive-tour-of-chichen-itza-cenote-and-valladolid\/\",\"url\":\"https:\/\/bevacationtravels.com\/product\/cancun-mexico-all-inclusive-tour-of-chichen-itza-cenote-and-valladolid\/\",\"name\":\"Canc\u00fan, Mexico: All-Inclusive Tour of Chichen Itza, Cenote, and Valladolid - bevacationtravels.com\",\"isPartOf\":{\"@id\":\"https:\/\/bevacationtravels.com\/#website\"},\"primaryImageOfPage\":{\"@id\":\"https:\/\/bevacationtravels.com\/product\/cancun-mexico-all-inclusive-tour-of-chichen-itza-cenote-and-valladolid\/#primaryimage\"},\"image\":{\"@id\":\"https:\/\/bevacationtravels.com\/product\/cancun-mexico-all-inclusive-tour-of-chichen-itza-cenote-and-valladolid\/#primaryimage\"},\"thumbnailUrl\":\"https:\/\/bevacationtravels.com\/wp-content\/uploads\/2024\/06\/shutterstock_631772996.webp\",\"datePublished\":\"2024-06-18T08:14:20+00:00\",\"dateModified\":\"2024-07-12T13:52:13+00:00\",\"breadcrumb\":{\"@id\":\"https:\/\/bevacationtravels.com\/product\/cancun-mexico-all-inclusive-tour-of-chichen-itza-cenote-and-valladolid\/#breadcrumb\"},\"inLanguage\":\"de\",\"potentialAction\":[{\"@type\":\"ReadAction\",\"target\":[\"https:\/\/bevacationtravels.com\/product\/cancun-mexico-all-inclusive-tour-of-chichen-itza-cenote-and-valladolid\/\"]}]},{\"@type\":\"ImageObject\",\"inLanguage\":\"de\",\"@id\":\"https:\/\/bevacationtravels.com\/product\/cancun-mexico-all-inclusive-tour-of-chichen-itza-cenote-and-valladolid\/#primaryimage\",\"url\":\"https:\/\/bevacationtravels.com\/wp-content\/uploads\/2024\/06\/shutterstock_631772996.webp\",\"contentUrl\":\"https:\/\/bevacationtravels.com\/wp-content\/uploads\/2024\/06\/shutterstock_631772996.webp\",\"width\":1229,\"height\":821},{\"@type\":\"BreadcrumbList\",\"@id\":\"https:\/\/bevacationtravels.com\/product\/cancun-mexico-all-inclusive-tour-of-chichen-itza-cenote-and-valladolid\/#breadcrumb\",\"itemListElement\":[{\"@type\":\"ListItem\",\"position\":1,\"name\":\"Home\",\"item\":\"https:\/\/bevacationtravels.com\/\"},{\"@type\":\"ListItem\",\"position\":2,\"name\":\"Shop\",\"item\":\"https:\/\/bevacationtravels.com\/shop\/\"},{\"@type\":\"ListItem\",\"position\":3,\"name\":\"Canc\u00fan, Mexico: All-Inclusive Tour of Chichen Itza, Cenote, and Valladolid\"}]},{\"@type\":\"WebSite\",\"@id\":\"https:\/\/bevacationtravels.com\/#website\",\"url\":\"https:\/\/bevacationtravels.com\/\",\"name\":\"bevacationtravels.com\",\"description\":\"\",\"publisher\":{\"@id\":\"https:\/\/bevacationtravels.com\/#organization\"},\"potentialAction\":[{\"@type\":\"SearchAction\",\"target\":{\"@type\":\"EntryPoint\",\"urlTemplate\":\"https:\/\/bevacationtravels.com\/?s={search_term_string}\"},\"query-input\":\"required name=search_term_string\"}],\"inLanguage\":\"de\"},{\"@type\":\"Organization\",\"@id\":\"https:\/\/bevacationtravels.com\/#organization\",\"name\":\"bevacationtravels.com\",\"url\":\"https:\/\/bevacationtravels.com\/\",\"logo\":{\"@type\":\"ImageObject\",\"inLanguage\":\"de\",\"@id\":\"https:\/\/bevacationtravels.com\/#\/schema\/logo\/image\/\",\"url\":\"https:\/\/bevacationtravels.com\/wp-content\/uploads\/2024\/06\/Group-12.svg\",\"contentUrl\":\"https:\/\/bevacationtravels.com\/wp-content\/uploads\/2024\/06\/Group-12.svg\",\"width\":203,\"height\":32,\"caption\":\"bevacationtravels.com\"},\"image\":{\"@id\":\"https:\/\/bevacationtravels.com\/#\/schema\/logo\/image\/\"}}]}<\/script>\n<!-- \/ Yoast SEO plugin. -->","yoast_head_json":{"title":"Canc\u00fan, Mexico: All-Inclusive Tour of Chichen Itza, Cenote, and Valladolid - bevacationtravels.com","robots":{"index":"index","follow":"follow","max-snippet":"max-snippet:-1","max-image-preview":"max-image-preview:large","max-video-preview":"max-video-preview:-1"},"canonical":"https:\/\/bevacationtravels.com\/de\/produkt\/cancun-mexico-all-inclusive-tour-of-chichen-itza-cenote-and-valladolid\/","og_locale":"de_DE","og_type":"article","og_title":"Canc\u00fan, Mexico: All-Inclusive Tour of Chichen Itza, Cenote, and Valladolid - bevacationtravels.com","og_description":"Discover the rich history of the Yucatan Peninsula on this full-day excursion from Cancun or the Riviera Maya. Explore the ancient Maya site of Chichen Itza, gaze at the remarkable pyramid of Kukulcan, and wander through the charming town of Valladolid. After a day of exploration, rejuvenate yourself in a cenote&#8217;s crystal-clear waters and savour [&hellip;]","og_url":"https:\/\/bevacationtravels.com\/de\/produkt\/cancun-mexico-all-inclusive-tour-of-chichen-itza-cenote-and-valladolid\/","og_site_name":"bevacationtravels.com","article_modified_time":"2024-07-12T13:52:13+00:00","og_image":[{"width":1229,"height":821,"url":"https:\/\/bevacationtravels.com\/wp-content\/uploads\/2024\/06\/shutterstock_631772996.webp","type":"image\/webp"}],"twitter_card":"summary_large_image","twitter_misc":{"Gesch\u00e4tzte Lesezeit":"1\u00a0Minute"},"schema":{"@context":"https:\/\/schema.org","@graph":[{"@type":"WebPage","@id":"https:\/\/bevacationtravels.com\/product\/cancun-mexico-all-inclusive-tour-of-chichen-itza-cenote-and-valladolid\/","url":"https:\/\/bevacationtravels.com\/product\/cancun-mexico-all-inclusive-tour-of-chichen-itza-cenote-and-valladolid\/","name":"Canc\u00fan, Mexico: All-Inclusive Tour of Chichen Itza, Cenote, and Valladolid - bevacationtravels.com","isPartOf":{"@id":"https:\/\/bevacationtravels.com\/#website"},"primaryImageOfPage":{"@id":"https:\/\/bevacationtravels.com\/product\/cancun-mexico-all-inclusive-tour-of-chichen-itza-cenote-and-valladolid\/#primaryimage"},"image":{"@id":"https:\/\/bevacationtravels.com\/product\/cancun-mexico-all-inclusive-tour-of-chichen-itza-cenote-and-valladolid\/#primaryimage"},"thumbnailUrl":"https:\/\/bevacationtravels.com\/wp-content\/uploads\/2024\/06\/shutterstock_631772996.webp","datePublished":"2024-06-18T08:14:20+00:00","dateModified":"2024-07-12T13:52:13+00:00","breadcrumb":{"@id":"https:\/\/bevacationtravels.com\/product\/cancun-mexico-all-inclusive-tour-of-chichen-itza-cenote-and-valladolid\/#breadcrumb"},"inLanguage":"de","potentialAction":[{"@type":"ReadAction","target":["https:\/\/bevacationtravels.com\/product\/cancun-mexico-all-inclusive-tour-of-chichen-itza-cenote-and-valladolid\/"]}]},{"@type":"ImageObject","inLanguage":"de","@id":"https:\/\/bevacationtravels.com\/product\/cancun-mexico-all-inclusive-tour-of-chichen-itza-cenote-and-valladolid\/#primaryimage","url":"https:\/\/bevacationtravels.com\/wp-content\/uploads\/2024\/06\/shutterstock_631772996.webp","contentUrl":"https:\/\/bevacationtravels.com\/wp-content\/uploads\/2024\/06\/shutterstock_631772996.webp","width":1229,"height":821},{"@type":"BreadcrumbList","@id":"https:\/\/bevacationtravels.com\/product\/cancun-mexico-all-inclusive-tour-of-chichen-itza-cenote-and-valladolid\/#breadcrumb","itemListElement":[{"@type":"ListItem","position":1,"name":"Home","item":"https:\/\/bevacationtravels.com\/"},{"@type":"ListItem","position":2,"name":"Shop","item":"https:\/\/bevacationtravels.com\/shop\/"},{"@type":"ListItem","position":3,"name":"Canc\u00fan, Mexico: All-Inclusive Tour of Chichen Itza, Cenote, and Valladolid"}]},{"@type":"WebSite","@id":"https:\/\/bevacationtravels.com\/#website","url":"https:\/\/bevacationtravels.com\/","name":"bevacationtravels.com","description":"","publisher":{"@id":"https:\/\/bevacationtravels.com\/#organization"},"potentialAction":[{"@type":"SearchAction","target":{"@type":"EntryPoint","urlTemplate":"https:\/\/bevacationtravels.com\/?s={search_term_string}"},"query-input":"required name=search_term_string"}],"inLanguage":"de"},{"@type":"Organization","@id":"https:\/\/bevacationtravels.com\/#organization","name":"bevacationtravels.com","url":"https:\/\/bevacationtravels.com\/","logo":{"@type":"ImageObject","inLanguage":"de","@id":"https:\/\/bevacationtravels.com\/#\/schema\/logo\/image\/","url":"https:\/\/bevacationtravels.com\/wp-content\/uploads\/2024\/06\/Group-12.svg","contentUrl":"https:\/\/bevacationtravels.com\/wp-content\/uploads\/2024\/06\/Group-12.svg","width":203,"height":32,"caption":"bevacationtravels.com"},"image":{"@id":"https:\/\/bevacationtravels.com\/#\/schema\/logo\/image\/"}}]}},"_links":{"self":[{"href":"https:\/\/bevacationtravels.com\/de\/wp-json\/wp\/v2\/product\/782","targetHints":{"allow":["GET"]}}],"collection":[{"href":"https:\/\/bevacationtravels.com\/de\/wp-json\/wp\/v2\/product"}],"about":[{"href":"https:\/\/bevacationtravels.com\/de\/wp-json\/wp\/v2\/types\/product"}],"replies":[{"embeddable":true,"href":"https:\/\/bevacationtravels.com\/de\/wp-json\/wp\/v2\/comments?post=782"}],"wp:featuredmedia":[{"embeddable":true,"href":"https:\/\/bevacationtravels.com\/de\/wp-json\/wp\/v2\/media\/1179"}],"wp:attachment":[{"href":"https:\/\/bevacationtravels.com\/de\/wp-json\/wp\/v2\/media?parent=782"}],"wp:term":[{"taxonomy":"product_brand","embeddable":true,"href":"https:\/\/bevacationtravels.com\/de\/wp-json\/wp\/v2\/product_brand?post=782"},{"taxonomy":"product_cat","embeddable":true,"href":"https:\/\/bevacationtravels.com\/de\/wp-json\/wp\/v2\/product_cat?post=782"},{"taxonomy":"product_tag","embeddable":true,"href":"https:\/\/bevacationtravels.com\/de\/wp-json\/wp\/v2\/product_tag?post=782"}],"curies":[{"name":"wp","href":"https:\/\/api.w.org\/{rel}","templated":true}]}}