{"id":868,"date":"2024-06-18T08:16:03","date_gmt":"2024-06-18T08:16:03","guid":{"rendered":"https:\/\/bevacationtravels.com\/product\/valencia-oceanografic-entry-ticket\/"},"modified":"2024-07-12T13:26:41","modified_gmt":"2024-07-12T13:26:41","slug":"valencia-ticket-for-entry-to-oceanografic","status":"publish","type":"product","link":"https:\/\/bevacationtravels.com\/de\/produkt\/valencia-ticket-for-entry-to-oceanografic\/","title":{"rendered":"Valencia: Eintrittskarte f\u00fcr das Oceanogr\u00e0fic"},"content":{"rendered":"<p><span style=\"font-weight: 400;\">Begeben Sie sich mit Ihrer Eintrittskarte f\u00fcr das Oceanogr\u00e0fic auf eine faszinierende Reise durch Europas gr\u00f6\u00dftes Zentrum f\u00fcr Meeresleben. Bereiten Sie sich darauf vor, von den Wundern des Ozeans fasziniert zu sein, wenn Sie verschiedene Meerestiere wie Fische, Haie, Wale und vieles mehr sehen.<\/span><\/p>","protected":false},"excerpt":{"rendered":"<p>Begeben Sie sich mit Ihrer Eintrittskarte f\u00fcr das Oceanogr\u00e0fic auf eine faszinierende Reise durch Europas gr\u00f6\u00dftes Zentrum f\u00fcr Meeresleben. Bereiten Sie sich darauf vor, von den Wundern des Ozeans fasziniert zu sein, wenn Sie verschiedene Meerestiere wie Fische, Haie, Wale und vieles mehr sehen.<\/p>","protected":false},"featured_media":1152,"comment_status":"closed","ping_status":"closed","template":"","meta":[],"product_brand":[],"product_cat":[25,30],"product_tag":[],"class_list":{"0":"post-868","1":"product","2":"type-product","3":"status-publish","4":"has-post-thumbnail","6":"product_cat-europe","7":"product_cat-tours","9":"first","10":"instock","11":"virtual","12":"purchasable","13":"product-type-simple"},"acf":[],"yoast_head":"<!-- This site is optimized with the Yoast SEO plugin v22.9 - https:\/\/yoast.com\/wordpress\/plugins\/seo\/ -->\n<title>Valencia: Ticket for Entry to Oceanogr\u00e0fic - bevacationtravels.com<\/title>\n<meta name=\"robots\" content=\"index, follow, max-snippet:-1, max-image-preview:large, max-video-preview:-1\" \/>\n<link rel=\"canonical\" href=\"https:\/\/bevacationtravels.com\/de\/produkt\/valencia-ticket-for-entry-to-oceanografic\/\" \/>\n<meta property=\"og:locale\" content=\"de_DE\" \/>\n<meta property=\"og:type\" content=\"article\" \/>\n<meta property=\"og:title\" content=\"Valencia: Ticket for Entry to Oceanogr\u00e0fic - bevacationtravels.com\" \/>\n<meta property=\"og:description\" content=\"Embark on a mesmerising journey through Europe&#8217;s largest sea life centre with your entry ticket to Oceanogr\u00e0fic. Prepare to be captivated by the ocean&#8217;s wonders as you encounter diverse marine species, including fish, sharks, whales, and more.\" \/>\n<meta property=\"og:url\" content=\"https:\/\/bevacationtravels.com\/de\/produkt\/valencia-ticket-for-entry-to-oceanografic\/\" \/>\n<meta property=\"og:site_name\" content=\"bevacationtravels.com\" \/>\n<meta property=\"article:modified_time\" content=\"2024-07-12T13:26:41+00:00\" \/>\n<meta property=\"og:image\" content=\"https:\/\/bevacationtravels.com\/wp-content\/uploads\/2024\/06\/happy-family-pointing-fish-tank.webp\" \/>\n\t<meta property=\"og:image:width\" content=\"1600\" \/>\n\t<meta property=\"og:image:height\" content=\"1067\" \/>\n\t<meta property=\"og:image:type\" content=\"image\/webp\" \/>\n<meta name=\"twitter:card\" content=\"summary_large_image\" \/>\n<meta name=\"twitter:label1\" content=\"Gesch\u00e4tzte Lesezeit\" \/>\n\t<meta name=\"twitter:data1\" content=\"1\u00a0Minute\" \/>\n<script type=\"application\/ld+json\" class=\"yoast-schema-graph\">{\"@context\":\"https:\/\/schema.org\",\"@graph\":[{\"@type\":\"WebPage\",\"@id\":\"https:\/\/bevacationtravels.com\/product\/valencia-ticket-for-entry-to-oceanografic\/\",\"url\":\"https:\/\/bevacationtravels.com\/product\/valencia-ticket-for-entry-to-oceanografic\/\",\"name\":\"Valencia: Ticket for Entry to Oceanogr\u00e0fic - bevacationtravels.com\",\"isPartOf\":{\"@id\":\"https:\/\/bevacationtravels.com\/#website\"},\"primaryImageOfPage\":{\"@id\":\"https:\/\/bevacationtravels.com\/product\/valencia-ticket-for-entry-to-oceanografic\/#primaryimage\"},\"image\":{\"@id\":\"https:\/\/bevacationtravels.com\/product\/valencia-ticket-for-entry-to-oceanografic\/#primaryimage\"},\"thumbnailUrl\":\"https:\/\/bevacationtravels.com\/wp-content\/uploads\/2024\/06\/happy-family-pointing-fish-tank.webp\",\"datePublished\":\"2024-06-18T08:16:03+00:00\",\"dateModified\":\"2024-07-12T13:26:41+00:00\",\"breadcrumb\":{\"@id\":\"https:\/\/bevacationtravels.com\/product\/valencia-ticket-for-entry-to-oceanografic\/#breadcrumb\"},\"inLanguage\":\"de\",\"potentialAction\":[{\"@type\":\"ReadAction\",\"target\":[\"https:\/\/bevacationtravels.com\/product\/valencia-ticket-for-entry-to-oceanografic\/\"]}]},{\"@type\":\"ImageObject\",\"inLanguage\":\"de\",\"@id\":\"https:\/\/bevacationtravels.com\/product\/valencia-ticket-for-entry-to-oceanografic\/#primaryimage\",\"url\":\"https:\/\/bevacationtravels.com\/wp-content\/uploads\/2024\/06\/happy-family-pointing-fish-tank.webp\",\"contentUrl\":\"https:\/\/bevacationtravels.com\/wp-content\/uploads\/2024\/06\/happy-family-pointing-fish-tank.webp\",\"width\":1600,\"height\":1067},{\"@type\":\"BreadcrumbList\",\"@id\":\"https:\/\/bevacationtravels.com\/product\/valencia-ticket-for-entry-to-oceanografic\/#breadcrumb\",\"itemListElement\":[{\"@type\":\"ListItem\",\"position\":1,\"name\":\"Home\",\"item\":\"https:\/\/bevacationtravels.com\/\"},{\"@type\":\"ListItem\",\"position\":2,\"name\":\"Shop\",\"item\":\"https:\/\/bevacationtravels.com\/shop\/\"},{\"@type\":\"ListItem\",\"position\":3,\"name\":\"Valencia: Ticket for Entry to Oceanogr\u00e0fic\"}]},{\"@type\":\"WebSite\",\"@id\":\"https:\/\/bevacationtravels.com\/#website\",\"url\":\"https:\/\/bevacationtravels.com\/\",\"name\":\"bevacationtravels.com\",\"description\":\"\",\"publisher\":{\"@id\":\"https:\/\/bevacationtravels.com\/#organization\"},\"potentialAction\":[{\"@type\":\"SearchAction\",\"target\":{\"@type\":\"EntryPoint\",\"urlTemplate\":\"https:\/\/bevacationtravels.com\/?s={search_term_string}\"},\"query-input\":\"required name=search_term_string\"}],\"inLanguage\":\"de\"},{\"@type\":\"Organization\",\"@id\":\"https:\/\/bevacationtravels.com\/#organization\",\"name\":\"bevacationtravels.com\",\"url\":\"https:\/\/bevacationtravels.com\/\",\"logo\":{\"@type\":\"ImageObject\",\"inLanguage\":\"de\",\"@id\":\"https:\/\/bevacationtravels.com\/#\/schema\/logo\/image\/\",\"url\":\"https:\/\/bevacationtravels.com\/wp-content\/uploads\/2024\/06\/Group-12.svg\",\"contentUrl\":\"https:\/\/bevacationtravels.com\/wp-content\/uploads\/2024\/06\/Group-12.svg\",\"width\":203,\"height\":32,\"caption\":\"bevacationtravels.com\"},\"image\":{\"@id\":\"https:\/\/bevacationtravels.com\/#\/schema\/logo\/image\/\"}}]}<\/script>\n<!-- \/ Yoast SEO plugin. -->","yoast_head_json":{"title":"Valencia: Ticket for Entry to Oceanogr\u00e0fic - bevacationtravels.com","robots":{"index":"index","follow":"follow","max-snippet":"max-snippet:-1","max-image-preview":"max-image-preview:large","max-video-preview":"max-video-preview:-1"},"canonical":"https:\/\/bevacationtravels.com\/de\/produkt\/valencia-ticket-for-entry-to-oceanografic\/","og_locale":"de_DE","og_type":"article","og_title":"Valencia: Ticket for Entry to Oceanogr\u00e0fic - bevacationtravels.com","og_description":"Embark on a mesmerising journey through Europe&#8217;s largest sea life centre with your entry ticket to Oceanogr\u00e0fic. Prepare to be captivated by the ocean&#8217;s wonders as you encounter diverse marine species, including fish, sharks, whales, and more.","og_url":"https:\/\/bevacationtravels.com\/de\/produkt\/valencia-ticket-for-entry-to-oceanografic\/","og_site_name":"bevacationtravels.com","article_modified_time":"2024-07-12T13:26:41+00:00","og_image":[{"width":1600,"height":1067,"url":"https:\/\/bevacationtravels.com\/wp-content\/uploads\/2024\/06\/happy-family-pointing-fish-tank.webp","type":"image\/webp"}],"twitter_card":"summary_large_image","twitter_misc":{"Gesch\u00e4tzte Lesezeit":"1\u00a0Minute"},"schema":{"@context":"https:\/\/schema.org","@graph":[{"@type":"WebPage","@id":"https:\/\/bevacationtravels.com\/product\/valencia-ticket-for-entry-to-oceanografic\/","url":"https:\/\/bevacationtravels.com\/product\/valencia-ticket-for-entry-to-oceanografic\/","name":"Valencia: Ticket for Entry to Oceanogr\u00e0fic - bevacationtravels.com","isPartOf":{"@id":"https:\/\/bevacationtravels.com\/#website"},"primaryImageOfPage":{"@id":"https:\/\/bevacationtravels.com\/product\/valencia-ticket-for-entry-to-oceanografic\/#primaryimage"},"image":{"@id":"https:\/\/bevacationtravels.com\/product\/valencia-ticket-for-entry-to-oceanografic\/#primaryimage"},"thumbnailUrl":"https:\/\/bevacationtravels.com\/wp-content\/uploads\/2024\/06\/happy-family-pointing-fish-tank.webp","datePublished":"2024-06-18T08:16:03+00:00","dateModified":"2024-07-12T13:26:41+00:00","breadcrumb":{"@id":"https:\/\/bevacationtravels.com\/product\/valencia-ticket-for-entry-to-oceanografic\/#breadcrumb"},"inLanguage":"de","potentialAction":[{"@type":"ReadAction","target":["https:\/\/bevacationtravels.com\/product\/valencia-ticket-for-entry-to-oceanografic\/"]}]},{"@type":"ImageObject","inLanguage":"de","@id":"https:\/\/bevacationtravels.com\/product\/valencia-ticket-for-entry-to-oceanografic\/#primaryimage","url":"https:\/\/bevacationtravels.com\/wp-content\/uploads\/2024\/06\/happy-family-pointing-fish-tank.webp","contentUrl":"https:\/\/bevacationtravels.com\/wp-content\/uploads\/2024\/06\/happy-family-pointing-fish-tank.webp","width":1600,"height":1067},{"@type":"BreadcrumbList","@id":"https:\/\/bevacationtravels.com\/product\/valencia-ticket-for-entry-to-oceanografic\/#breadcrumb","itemListElement":[{"@type":"ListItem","position":1,"name":"Home","item":"https:\/\/bevacationtravels.com\/"},{"@type":"ListItem","position":2,"name":"Shop","item":"https:\/\/bevacationtravels.com\/shop\/"},{"@type":"ListItem","position":3,"name":"Valencia: Ticket for Entry to Oceanogr\u00e0fic"}]},{"@type":"WebSite","@id":"https:\/\/bevacationtravels.com\/#website","url":"https:\/\/bevacationtravels.com\/","name":"bevacationtravels.com","description":"","publisher":{"@id":"https:\/\/bevacationtravels.com\/#organization"},"potentialAction":[{"@type":"SearchAction","target":{"@type":"EntryPoint","urlTemplate":"https:\/\/bevacationtravels.com\/?s={search_term_string}"},"query-input":"required name=search_term_string"}],"inLanguage":"de"},{"@type":"Organization","@id":"https:\/\/bevacationtravels.com\/#organization","name":"bevacationtravels.com","url":"https:\/\/bevacationtravels.com\/","logo":{"@type":"ImageObject","inLanguage":"de","@id":"https:\/\/bevacationtravels.com\/#\/schema\/logo\/image\/","url":"https:\/\/bevacationtravels.com\/wp-content\/uploads\/2024\/06\/Group-12.svg","contentUrl":"https:\/\/bevacationtravels.com\/wp-content\/uploads\/2024\/06\/Group-12.svg","width":203,"height":32,"caption":"bevacationtravels.com"},"image":{"@id":"https:\/\/bevacationtravels.com\/#\/schema\/logo\/image\/"}}]}},"_links":{"self":[{"href":"https:\/\/bevacationtravels.com\/de\/wp-json\/wp\/v2\/product\/868","targetHints":{"allow":["GET"]}}],"collection":[{"href":"https:\/\/bevacationtravels.com\/de\/wp-json\/wp\/v2\/product"}],"about":[{"href":"https:\/\/bevacationtravels.com\/de\/wp-json\/wp\/v2\/types\/product"}],"replies":[{"embeddable":true,"href":"https:\/\/bevacationtravels.com\/de\/wp-json\/wp\/v2\/comments?post=868"}],"wp:featuredmedia":[{"embeddable":true,"href":"https:\/\/bevacationtravels.com\/de\/wp-json\/wp\/v2\/media\/1152"}],"wp:attachment":[{"href":"https:\/\/bevacationtravels.com\/de\/wp-json\/wp\/v2\/media?parent=868"}],"wp:term":[{"taxonomy":"product_brand","embeddable":true,"href":"https:\/\/bevacationtravels.com\/de\/wp-json\/wp\/v2\/product_brand?post=868"},{"taxonomy":"product_cat","embeddable":true,"href":"https:\/\/bevacationtravels.com\/de\/wp-json\/wp\/v2\/product_cat?post=868"},{"taxonomy":"product_tag","embeddable":true,"href":"https:\/\/bevacationtravels.com\/de\/wp-json\/wp\/v2\/product_tag?post=868"}],"curies":[{"name":"wp","href":"https:\/\/api.w.org\/{rel}","templated":true}]}}