{"id":889,"date":"2024-06-18T08:16:37","date_gmt":"2024-06-18T08:16:37","guid":{"rendered":"https:\/\/bevacationtravels.com\/product\/royal-crown-of-oahu-60-minute-helicopter-tour\/"},"modified":"2024-07-12T13:29:23","modified_gmt":"2024-07-12T13:29:23","slug":"royal-crown-helicopter-tour-60-minute-flight-over-oahu","status":"publish","type":"product","link":"https:\/\/bevacationtravels.com\/de\/produkt\/royal-crown-helicopter-tour-60-minute-flight-over-oahu\/","title":{"rendered":"Royal Crown Hubschrauber Rundflug: 60-min\u00fctiger Flug \u00fcber Oahu"},"content":{"rendered":"<p><span style=\"font-weight: 400;\">Begeben Sie sich auf einen aufregenden Hubschrauberrundflug \u00fcber Oahu, bei dem Sie \u00fcber die ber\u00fchmtesten Sehensw\u00fcrdigkeiten der Insel schweben, darunter Diamond Head, Sacred Falls, Pearl Harbor und vieles mehr. Dank der M\u00f6glichkeit, mit oder ohne T\u00fcren zu fliegen, k\u00f6nnen Sie Ihr Erlebnis ganz nach Ihren W\u00fcnschen gestalten. Starten Sie zu einer f\u00fcr Sie g\u00fcnstigen Zeit vom Rainbow Helicopters am Honolulu International Airport. <\/span><\/p>","protected":false},"excerpt":{"rendered":"<p>Embark on an exhilarating helicopter tour over Oahu, where you&#8217;ll soar above the island&#8217;s most iconic sights, including Diamond Head, Sacred Falls, Pearl Harbor, and more. With the option to fly with doors on or off, you can customise your experience to your preferences. Depart at a time convenient for you from Rainbow Helicopters at [&hellip;]<\/p>","protected":false},"featured_media":1137,"comment_status":"closed","ping_status":"closed","template":"","meta":[],"product_brand":[],"product_cat":[22,30],"product_tag":[],"class_list":{"0":"post-889","1":"product","2":"type-product","3":"status-publish","4":"has-post-thumbnail","6":"product_cat-central-south-america","7":"product_cat-tours","9":"first","10":"instock","11":"virtual","12":"purchasable","13":"product-type-simple"},"acf":[],"yoast_head":"<!-- This site is optimized with the Yoast SEO plugin v22.9 - https:\/\/yoast.com\/wordpress\/plugins\/seo\/ -->\n<title>Royal Crown Helicopter Tour: 60-Minute Flight Over Oahu - bevacationtravels.com<\/title>\n<meta name=\"robots\" content=\"index, follow, max-snippet:-1, max-image-preview:large, max-video-preview:-1\" \/>\n<link rel=\"canonical\" href=\"https:\/\/bevacationtravels.com\/de\/produkt\/royal-crown-helicopter-tour-60-minute-flight-over-oahu\/\" \/>\n<meta property=\"og:locale\" content=\"de_DE\" \/>\n<meta property=\"og:type\" content=\"article\" \/>\n<meta property=\"og:title\" content=\"Royal Crown Helicopter Tour: 60-Minute Flight Over Oahu - bevacationtravels.com\" \/>\n<meta property=\"og:description\" content=\"Embark on an exhilarating helicopter tour over Oahu, where you&#8217;ll soar above the island&#8217;s most iconic sights, including Diamond Head, Sacred Falls, Pearl Harbor, and more. With the option to fly with doors on or off, you can customise your experience to your preferences. Depart at a time convenient for you from Rainbow Helicopters at [&hellip;]\" \/>\n<meta property=\"og:url\" content=\"https:\/\/bevacationtravels.com\/de\/produkt\/royal-crown-helicopter-tour-60-minute-flight-over-oahu\/\" \/>\n<meta property=\"og:site_name\" content=\"bevacationtravels.com\" \/>\n<meta property=\"article:modified_time\" content=\"2024-07-12T13:29:23+00:00\" \/>\n<meta property=\"og:image\" content=\"https:\/\/bevacationtravels.com\/wp-content\/uploads\/2024\/06\/7387.webp\" \/>\n\t<meta property=\"og:image:width\" content=\"1600\" \/>\n\t<meta property=\"og:image:height\" content=\"1066\" \/>\n\t<meta property=\"og:image:type\" content=\"image\/webp\" \/>\n<meta name=\"twitter:card\" content=\"summary_large_image\" \/>\n<meta name=\"twitter:label1\" content=\"Gesch\u00e4tzte Lesezeit\" \/>\n\t<meta name=\"twitter:data1\" content=\"1\u00a0Minute\" \/>\n<script type=\"application\/ld+json\" class=\"yoast-schema-graph\">{\"@context\":\"https:\/\/schema.org\",\"@graph\":[{\"@type\":\"WebPage\",\"@id\":\"https:\/\/bevacationtravels.com\/product\/royal-crown-helicopter-tour-60-minute-flight-over-oahu\/\",\"url\":\"https:\/\/bevacationtravels.com\/product\/royal-crown-helicopter-tour-60-minute-flight-over-oahu\/\",\"name\":\"Royal Crown Helicopter Tour: 60-Minute Flight Over Oahu - bevacationtravels.com\",\"isPartOf\":{\"@id\":\"https:\/\/bevacationtravels.com\/#website\"},\"primaryImageOfPage\":{\"@id\":\"https:\/\/bevacationtravels.com\/product\/royal-crown-helicopter-tour-60-minute-flight-over-oahu\/#primaryimage\"},\"image\":{\"@id\":\"https:\/\/bevacationtravels.com\/product\/royal-crown-helicopter-tour-60-minute-flight-over-oahu\/#primaryimage\"},\"thumbnailUrl\":\"https:\/\/bevacationtravels.com\/wp-content\/uploads\/2024\/06\/7387.webp\",\"datePublished\":\"2024-06-18T08:16:37+00:00\",\"dateModified\":\"2024-07-12T13:29:23+00:00\",\"breadcrumb\":{\"@id\":\"https:\/\/bevacationtravels.com\/product\/royal-crown-helicopter-tour-60-minute-flight-over-oahu\/#breadcrumb\"},\"inLanguage\":\"de\",\"potentialAction\":[{\"@type\":\"ReadAction\",\"target\":[\"https:\/\/bevacationtravels.com\/product\/royal-crown-helicopter-tour-60-minute-flight-over-oahu\/\"]}]},{\"@type\":\"ImageObject\",\"inLanguage\":\"de\",\"@id\":\"https:\/\/bevacationtravels.com\/product\/royal-crown-helicopter-tour-60-minute-flight-over-oahu\/#primaryimage\",\"url\":\"https:\/\/bevacationtravels.com\/wp-content\/uploads\/2024\/06\/7387.webp\",\"contentUrl\":\"https:\/\/bevacationtravels.com\/wp-content\/uploads\/2024\/06\/7387.webp\",\"width\":1600,\"height\":1066},{\"@type\":\"BreadcrumbList\",\"@id\":\"https:\/\/bevacationtravels.com\/product\/royal-crown-helicopter-tour-60-minute-flight-over-oahu\/#breadcrumb\",\"itemListElement\":[{\"@type\":\"ListItem\",\"position\":1,\"name\":\"Home\",\"item\":\"https:\/\/bevacationtravels.com\/\"},{\"@type\":\"ListItem\",\"position\":2,\"name\":\"Shop\",\"item\":\"https:\/\/bevacationtravels.com\/shop\/\"},{\"@type\":\"ListItem\",\"position\":3,\"name\":\"Royal Crown Helicopter Tour: 60-Minute Flight Over Oahu\"}]},{\"@type\":\"WebSite\",\"@id\":\"https:\/\/bevacationtravels.com\/#website\",\"url\":\"https:\/\/bevacationtravels.com\/\",\"name\":\"bevacationtravels.com\",\"description\":\"\",\"publisher\":{\"@id\":\"https:\/\/bevacationtravels.com\/#organization\"},\"potentialAction\":[{\"@type\":\"SearchAction\",\"target\":{\"@type\":\"EntryPoint\",\"urlTemplate\":\"https:\/\/bevacationtravels.com\/?s={search_term_string}\"},\"query-input\":\"required name=search_term_string\"}],\"inLanguage\":\"de\"},{\"@type\":\"Organization\",\"@id\":\"https:\/\/bevacationtravels.com\/#organization\",\"name\":\"bevacationtravels.com\",\"url\":\"https:\/\/bevacationtravels.com\/\",\"logo\":{\"@type\":\"ImageObject\",\"inLanguage\":\"de\",\"@id\":\"https:\/\/bevacationtravels.com\/#\/schema\/logo\/image\/\",\"url\":\"https:\/\/bevacationtravels.com\/wp-content\/uploads\/2024\/06\/Group-12.svg\",\"contentUrl\":\"https:\/\/bevacationtravels.com\/wp-content\/uploads\/2024\/06\/Group-12.svg\",\"width\":203,\"height\":32,\"caption\":\"bevacationtravels.com\"},\"image\":{\"@id\":\"https:\/\/bevacationtravels.com\/#\/schema\/logo\/image\/\"}}]}<\/script>\n<!-- \/ Yoast SEO plugin. -->","yoast_head_json":{"title":"Royal Crown Helicopter Tour: 60-Minute Flight Over Oahu - bevacationtravels.com","robots":{"index":"index","follow":"follow","max-snippet":"max-snippet:-1","max-image-preview":"max-image-preview:large","max-video-preview":"max-video-preview:-1"},"canonical":"https:\/\/bevacationtravels.com\/de\/produkt\/royal-crown-helicopter-tour-60-minute-flight-over-oahu\/","og_locale":"de_DE","og_type":"article","og_title":"Royal Crown Helicopter Tour: 60-Minute Flight Over Oahu - bevacationtravels.com","og_description":"Embark on an exhilarating helicopter tour over Oahu, where you&#8217;ll soar above the island&#8217;s most iconic sights, including Diamond Head, Sacred Falls, Pearl Harbor, and more. With the option to fly with doors on or off, you can customise your experience to your preferences. Depart at a time convenient for you from Rainbow Helicopters at [&hellip;]","og_url":"https:\/\/bevacationtravels.com\/de\/produkt\/royal-crown-helicopter-tour-60-minute-flight-over-oahu\/","og_site_name":"bevacationtravels.com","article_modified_time":"2024-07-12T13:29:23+00:00","og_image":[{"width":1600,"height":1066,"url":"https:\/\/bevacationtravels.com\/wp-content\/uploads\/2024\/06\/7387.webp","type":"image\/webp"}],"twitter_card":"summary_large_image","twitter_misc":{"Gesch\u00e4tzte Lesezeit":"1\u00a0Minute"},"schema":{"@context":"https:\/\/schema.org","@graph":[{"@type":"WebPage","@id":"https:\/\/bevacationtravels.com\/product\/royal-crown-helicopter-tour-60-minute-flight-over-oahu\/","url":"https:\/\/bevacationtravels.com\/product\/royal-crown-helicopter-tour-60-minute-flight-over-oahu\/","name":"Royal Crown Helicopter Tour: 60-Minute Flight Over Oahu - bevacationtravels.com","isPartOf":{"@id":"https:\/\/bevacationtravels.com\/#website"},"primaryImageOfPage":{"@id":"https:\/\/bevacationtravels.com\/product\/royal-crown-helicopter-tour-60-minute-flight-over-oahu\/#primaryimage"},"image":{"@id":"https:\/\/bevacationtravels.com\/product\/royal-crown-helicopter-tour-60-minute-flight-over-oahu\/#primaryimage"},"thumbnailUrl":"https:\/\/bevacationtravels.com\/wp-content\/uploads\/2024\/06\/7387.webp","datePublished":"2024-06-18T08:16:37+00:00","dateModified":"2024-07-12T13:29:23+00:00","breadcrumb":{"@id":"https:\/\/bevacationtravels.com\/product\/royal-crown-helicopter-tour-60-minute-flight-over-oahu\/#breadcrumb"},"inLanguage":"de","potentialAction":[{"@type":"ReadAction","target":["https:\/\/bevacationtravels.com\/product\/royal-crown-helicopter-tour-60-minute-flight-over-oahu\/"]}]},{"@type":"ImageObject","inLanguage":"de","@id":"https:\/\/bevacationtravels.com\/product\/royal-crown-helicopter-tour-60-minute-flight-over-oahu\/#primaryimage","url":"https:\/\/bevacationtravels.com\/wp-content\/uploads\/2024\/06\/7387.webp","contentUrl":"https:\/\/bevacationtravels.com\/wp-content\/uploads\/2024\/06\/7387.webp","width":1600,"height":1066},{"@type":"BreadcrumbList","@id":"https:\/\/bevacationtravels.com\/product\/royal-crown-helicopter-tour-60-minute-flight-over-oahu\/#breadcrumb","itemListElement":[{"@type":"ListItem","position":1,"name":"Home","item":"https:\/\/bevacationtravels.com\/"},{"@type":"ListItem","position":2,"name":"Shop","item":"https:\/\/bevacationtravels.com\/shop\/"},{"@type":"ListItem","position":3,"name":"Royal Crown Helicopter Tour: 60-Minute Flight Over Oahu"}]},{"@type":"WebSite","@id":"https:\/\/bevacationtravels.com\/#website","url":"https:\/\/bevacationtravels.com\/","name":"bevacationtravels.com","description":"","publisher":{"@id":"https:\/\/bevacationtravels.com\/#organization"},"potentialAction":[{"@type":"SearchAction","target":{"@type":"EntryPoint","urlTemplate":"https:\/\/bevacationtravels.com\/?s={search_term_string}"},"query-input":"required name=search_term_string"}],"inLanguage":"de"},{"@type":"Organization","@id":"https:\/\/bevacationtravels.com\/#organization","name":"bevacationtravels.com","url":"https:\/\/bevacationtravels.com\/","logo":{"@type":"ImageObject","inLanguage":"de","@id":"https:\/\/bevacationtravels.com\/#\/schema\/logo\/image\/","url":"https:\/\/bevacationtravels.com\/wp-content\/uploads\/2024\/06\/Group-12.svg","contentUrl":"https:\/\/bevacationtravels.com\/wp-content\/uploads\/2024\/06\/Group-12.svg","width":203,"height":32,"caption":"bevacationtravels.com"},"image":{"@id":"https:\/\/bevacationtravels.com\/#\/schema\/logo\/image\/"}}]}},"_links":{"self":[{"href":"https:\/\/bevacationtravels.com\/de\/wp-json\/wp\/v2\/product\/889","targetHints":{"allow":["GET"]}}],"collection":[{"href":"https:\/\/bevacationtravels.com\/de\/wp-json\/wp\/v2\/product"}],"about":[{"href":"https:\/\/bevacationtravels.com\/de\/wp-json\/wp\/v2\/types\/product"}],"replies":[{"embeddable":true,"href":"https:\/\/bevacationtravels.com\/de\/wp-json\/wp\/v2\/comments?post=889"}],"wp:featuredmedia":[{"embeddable":true,"href":"https:\/\/bevacationtravels.com\/de\/wp-json\/wp\/v2\/media\/1137"}],"wp:attachment":[{"href":"https:\/\/bevacationtravels.com\/de\/wp-json\/wp\/v2\/media?parent=889"}],"wp:term":[{"taxonomy":"product_brand","embeddable":true,"href":"https:\/\/bevacationtravels.com\/de\/wp-json\/wp\/v2\/product_brand?post=889"},{"taxonomy":"product_cat","embeddable":true,"href":"https:\/\/bevacationtravels.com\/de\/wp-json\/wp\/v2\/product_cat?post=889"},{"taxonomy":"product_tag","embeddable":true,"href":"https:\/\/bevacationtravels.com\/de\/wp-json\/wp\/v2\/product_tag?post=889"}],"curies":[{"name":"wp","href":"https:\/\/api.w.org\/{rel}","templated":true}]}}