{"id":938,"date":"2024-06-18T08:17:11","date_gmt":"2024-06-18T08:17:11","guid":{"rendered":"https:\/\/bevacationtravels.com\/product\/seoul-vibes-private-dmz-peace-tour-3rd-invasion-tunnel-monorail-suspension-bridge\/"},"modified":"2024-07-12T13:34:56","modified_gmt":"2024-07-12T13:34:56","slug":"seoul-highlights-private-dmz-peace-tour-featuring-the-3rd-infiltration-tunnel-monorail-suspension-bridge","status":"publish","type":"product","link":"https:\/\/bevacationtravels.com\/de\/produkt\/seoul-highlights-private-dmz-peace-tour-featuring-the-3rd-infiltration-tunnel-monorail-suspension-bridge\/","title":{"rendered":"Seoul H\u00f6hepunkte: Private DMZ Peace Tour mit dem 3. Infiltrationstunnel (Monorail) und der H\u00e4ngebr\u00fccke"},"content":{"rendered":"<p><span style=\"font-weight: 400;\">Erleben Sie die ultimative individuelle Tour mit einem privaten Ausflug zur DMZ. Reisen Sie bequem mit dem Hin- und R\u00fccktransport von Ihrem Hotel in Seoul aus. Genie\u00dfen Sie exklusiven Zugang zur DMZ mit kostenlosem Eintritt und der ungeteilten Aufmerksamkeit Ihres privaten F\u00fchrers w\u00e4hrend der 10-st\u00fcndigen Tour.<\/span><\/p>","protected":false},"excerpt":{"rendered":"<p>Erleben Sie die ultimative individuelle Tour mit einem privaten Ausflug zur DMZ. Reisen Sie bequem mit dem Hin- und R\u00fccktransport von Ihrem Hotel in Seoul aus. Genie\u00dfen Sie exklusiven Zugang zur DMZ mit kostenlosem Eintritt und der ungeteilten Aufmerksamkeit Ihres privaten F\u00fchrers w\u00e4hrend der 10-st\u00fcndigen Tour.<\/p>","protected":false},"featured_media":1127,"comment_status":"closed","ping_status":"closed","template":"","meta":[],"product_brand":[],"product_cat":[19,30],"product_tag":[],"class_list":{"0":"post-938","1":"product","2":"type-product","3":"status-publish","4":"has-post-thumbnail","6":"product_cat-asia","7":"product_cat-tours","9":"first","10":"instock","11":"virtual","12":"purchasable","13":"product-type-simple"},"acf":[],"yoast_head":"<!-- This site is optimized with the Yoast SEO plugin v22.9 - https:\/\/yoast.com\/wordpress\/plugins\/seo\/ -->\n<title>Seoul Highlights: Private DMZ Peace Tour Featuring the 3rd Infiltration Tunnel (Monorail) &amp; Suspension Bridge - bevacationtravels.com<\/title>\n<meta name=\"robots\" content=\"index, follow, max-snippet:-1, max-image-preview:large, max-video-preview:-1\" \/>\n<link rel=\"canonical\" href=\"https:\/\/bevacationtravels.com\/de\/produkt\/seoul-highlights-private-dmz-peace-tour-featuring-the-3rd-infiltration-tunnel-monorail-suspension-bridge\/\" \/>\n<meta property=\"og:locale\" content=\"de_DE\" \/>\n<meta property=\"og:type\" content=\"article\" \/>\n<meta property=\"og:title\" content=\"Seoul Highlights: Private DMZ Peace Tour Featuring the 3rd Infiltration Tunnel (Monorail) &amp; Suspension Bridge - bevacationtravels.com\" \/>\n<meta property=\"og:description\" content=\"Experience the ultimate in personalised touring with a private excursion to the DMZ. Travel in comfort with round-trip transportation provided, ensuring a hassle-free journey from your Seoul hotel. Enjoy exclusive access to the DMZ with a complimentary entrance and the undivided attention of your private guide throughout the 10-hour tour.\" \/>\n<meta property=\"og:url\" content=\"https:\/\/bevacationtravels.com\/de\/produkt\/seoul-highlights-private-dmz-peace-tour-featuring-the-3rd-infiltration-tunnel-monorail-suspension-bridge\/\" \/>\n<meta property=\"og:site_name\" content=\"bevacationtravels.com\" \/>\n<meta property=\"article:modified_time\" content=\"2024-07-12T13:34:56+00:00\" \/>\n<meta property=\"og:image\" content=\"https:\/\/bevacationtravels.com\/wp-content\/uploads\/2024\/06\/25402186.webp\" \/>\n\t<meta property=\"og:image:width\" content=\"1500\" \/>\n\t<meta property=\"og:image:height\" content=\"1000\" \/>\n\t<meta property=\"og:image:type\" content=\"image\/webp\" \/>\n<meta name=\"twitter:card\" content=\"summary_large_image\" \/>\n<meta name=\"twitter:label1\" content=\"Gesch\u00e4tzte Lesezeit\" \/>\n\t<meta name=\"twitter:data1\" content=\"1\u00a0Minute\" \/>\n<script type=\"application\/ld+json\" class=\"yoast-schema-graph\">{\"@context\":\"https:\/\/schema.org\",\"@graph\":[{\"@type\":\"WebPage\",\"@id\":\"https:\/\/bevacationtravels.com\/product\/seoul-highlights-private-dmz-peace-tour-featuring-the-3rd-infiltration-tunnel-monorail-suspension-bridge\/\",\"url\":\"https:\/\/bevacationtravels.com\/product\/seoul-highlights-private-dmz-peace-tour-featuring-the-3rd-infiltration-tunnel-monorail-suspension-bridge\/\",\"name\":\"Seoul Highlights: Private DMZ Peace Tour Featuring the 3rd Infiltration Tunnel (Monorail) & Suspension Bridge - bevacationtravels.com\",\"isPartOf\":{\"@id\":\"https:\/\/bevacationtravels.com\/#website\"},\"primaryImageOfPage\":{\"@id\":\"https:\/\/bevacationtravels.com\/product\/seoul-highlights-private-dmz-peace-tour-featuring-the-3rd-infiltration-tunnel-monorail-suspension-bridge\/#primaryimage\"},\"image\":{\"@id\":\"https:\/\/bevacationtravels.com\/product\/seoul-highlights-private-dmz-peace-tour-featuring-the-3rd-infiltration-tunnel-monorail-suspension-bridge\/#primaryimage\"},\"thumbnailUrl\":\"https:\/\/bevacationtravels.com\/wp-content\/uploads\/2024\/06\/25402186.webp\",\"datePublished\":\"2024-06-18T08:17:11+00:00\",\"dateModified\":\"2024-07-12T13:34:56+00:00\",\"breadcrumb\":{\"@id\":\"https:\/\/bevacationtravels.com\/product\/seoul-highlights-private-dmz-peace-tour-featuring-the-3rd-infiltration-tunnel-monorail-suspension-bridge\/#breadcrumb\"},\"inLanguage\":\"de\",\"potentialAction\":[{\"@type\":\"ReadAction\",\"target\":[\"https:\/\/bevacationtravels.com\/product\/seoul-highlights-private-dmz-peace-tour-featuring-the-3rd-infiltration-tunnel-monorail-suspension-bridge\/\"]}]},{\"@type\":\"ImageObject\",\"inLanguage\":\"de\",\"@id\":\"https:\/\/bevacationtravels.com\/product\/seoul-highlights-private-dmz-peace-tour-featuring-the-3rd-infiltration-tunnel-monorail-suspension-bridge\/#primaryimage\",\"url\":\"https:\/\/bevacationtravels.com\/wp-content\/uploads\/2024\/06\/25402186.webp\",\"contentUrl\":\"https:\/\/bevacationtravels.com\/wp-content\/uploads\/2024\/06\/25402186.webp\",\"width\":1500,\"height\":1000},{\"@type\":\"BreadcrumbList\",\"@id\":\"https:\/\/bevacationtravels.com\/product\/seoul-highlights-private-dmz-peace-tour-featuring-the-3rd-infiltration-tunnel-monorail-suspension-bridge\/#breadcrumb\",\"itemListElement\":[{\"@type\":\"ListItem\",\"position\":1,\"name\":\"Home\",\"item\":\"https:\/\/bevacationtravels.com\/\"},{\"@type\":\"ListItem\",\"position\":2,\"name\":\"Shop\",\"item\":\"https:\/\/bevacationtravels.com\/shop\/\"},{\"@type\":\"ListItem\",\"position\":3,\"name\":\"Seoul Highlights: Private DMZ Peace Tour Featuring the 3rd Infiltration Tunnel (Monorail) &#038; Suspension Bridge\"}]},{\"@type\":\"WebSite\",\"@id\":\"https:\/\/bevacationtravels.com\/#website\",\"url\":\"https:\/\/bevacationtravels.com\/\",\"name\":\"bevacationtravels.com\",\"description\":\"\",\"publisher\":{\"@id\":\"https:\/\/bevacationtravels.com\/#organization\"},\"potentialAction\":[{\"@type\":\"SearchAction\",\"target\":{\"@type\":\"EntryPoint\",\"urlTemplate\":\"https:\/\/bevacationtravels.com\/?s={search_term_string}\"},\"query-input\":\"required name=search_term_string\"}],\"inLanguage\":\"de\"},{\"@type\":\"Organization\",\"@id\":\"https:\/\/bevacationtravels.com\/#organization\",\"name\":\"bevacationtravels.com\",\"url\":\"https:\/\/bevacationtravels.com\/\",\"logo\":{\"@type\":\"ImageObject\",\"inLanguage\":\"de\",\"@id\":\"https:\/\/bevacationtravels.com\/#\/schema\/logo\/image\/\",\"url\":\"https:\/\/bevacationtravels.com\/wp-content\/uploads\/2024\/06\/Group-12.svg\",\"contentUrl\":\"https:\/\/bevacationtravels.com\/wp-content\/uploads\/2024\/06\/Group-12.svg\",\"width\":203,\"height\":32,\"caption\":\"bevacationtravels.com\"},\"image\":{\"@id\":\"https:\/\/bevacationtravels.com\/#\/schema\/logo\/image\/\"}}]}<\/script>\n<!-- \/ Yoast SEO plugin. -->","yoast_head_json":{"title":"Seoul Highlights: Private DMZ Peace Tour Featuring the 3rd Infiltration Tunnel (Monorail) & Suspension Bridge - bevacationtravels.com","robots":{"index":"index","follow":"follow","max-snippet":"max-snippet:-1","max-image-preview":"max-image-preview:large","max-video-preview":"max-video-preview:-1"},"canonical":"https:\/\/bevacationtravels.com\/de\/produkt\/seoul-highlights-private-dmz-peace-tour-featuring-the-3rd-infiltration-tunnel-monorail-suspension-bridge\/","og_locale":"de_DE","og_type":"article","og_title":"Seoul Highlights: Private DMZ Peace Tour Featuring the 3rd Infiltration Tunnel (Monorail) & Suspension Bridge - bevacationtravels.com","og_description":"Experience the ultimate in personalised touring with a private excursion to the DMZ. Travel in comfort with round-trip transportation provided, ensuring a hassle-free journey from your Seoul hotel. Enjoy exclusive access to the DMZ with a complimentary entrance and the undivided attention of your private guide throughout the 10-hour tour.","og_url":"https:\/\/bevacationtravels.com\/de\/produkt\/seoul-highlights-private-dmz-peace-tour-featuring-the-3rd-infiltration-tunnel-monorail-suspension-bridge\/","og_site_name":"bevacationtravels.com","article_modified_time":"2024-07-12T13:34:56+00:00","og_image":[{"width":1500,"height":1000,"url":"https:\/\/bevacationtravels.com\/wp-content\/uploads\/2024\/06\/25402186.webp","type":"image\/webp"}],"twitter_card":"summary_large_image","twitter_misc":{"Gesch\u00e4tzte Lesezeit":"1\u00a0Minute"},"schema":{"@context":"https:\/\/schema.org","@graph":[{"@type":"WebPage","@id":"https:\/\/bevacationtravels.com\/product\/seoul-highlights-private-dmz-peace-tour-featuring-the-3rd-infiltration-tunnel-monorail-suspension-bridge\/","url":"https:\/\/bevacationtravels.com\/product\/seoul-highlights-private-dmz-peace-tour-featuring-the-3rd-infiltration-tunnel-monorail-suspension-bridge\/","name":"Seoul Highlights: Private DMZ Peace Tour Featuring the 3rd Infiltration Tunnel (Monorail) & Suspension Bridge - bevacationtravels.com","isPartOf":{"@id":"https:\/\/bevacationtravels.com\/#website"},"primaryImageOfPage":{"@id":"https:\/\/bevacationtravels.com\/product\/seoul-highlights-private-dmz-peace-tour-featuring-the-3rd-infiltration-tunnel-monorail-suspension-bridge\/#primaryimage"},"image":{"@id":"https:\/\/bevacationtravels.com\/product\/seoul-highlights-private-dmz-peace-tour-featuring-the-3rd-infiltration-tunnel-monorail-suspension-bridge\/#primaryimage"},"thumbnailUrl":"https:\/\/bevacationtravels.com\/wp-content\/uploads\/2024\/06\/25402186.webp","datePublished":"2024-06-18T08:17:11+00:00","dateModified":"2024-07-12T13:34:56+00:00","breadcrumb":{"@id":"https:\/\/bevacationtravels.com\/product\/seoul-highlights-private-dmz-peace-tour-featuring-the-3rd-infiltration-tunnel-monorail-suspension-bridge\/#breadcrumb"},"inLanguage":"de","potentialAction":[{"@type":"ReadAction","target":["https:\/\/bevacationtravels.com\/product\/seoul-highlights-private-dmz-peace-tour-featuring-the-3rd-infiltration-tunnel-monorail-suspension-bridge\/"]}]},{"@type":"ImageObject","inLanguage":"de","@id":"https:\/\/bevacationtravels.com\/product\/seoul-highlights-private-dmz-peace-tour-featuring-the-3rd-infiltration-tunnel-monorail-suspension-bridge\/#primaryimage","url":"https:\/\/bevacationtravels.com\/wp-content\/uploads\/2024\/06\/25402186.webp","contentUrl":"https:\/\/bevacationtravels.com\/wp-content\/uploads\/2024\/06\/25402186.webp","width":1500,"height":1000},{"@type":"BreadcrumbList","@id":"https:\/\/bevacationtravels.com\/product\/seoul-highlights-private-dmz-peace-tour-featuring-the-3rd-infiltration-tunnel-monorail-suspension-bridge\/#breadcrumb","itemListElement":[{"@type":"ListItem","position":1,"name":"Home","item":"https:\/\/bevacationtravels.com\/"},{"@type":"ListItem","position":2,"name":"Shop","item":"https:\/\/bevacationtravels.com\/shop\/"},{"@type":"ListItem","position":3,"name":"Seoul Highlights: Private DMZ Peace Tour Featuring the 3rd Infiltration Tunnel (Monorail) &#038; Suspension Bridge"}]},{"@type":"WebSite","@id":"https:\/\/bevacationtravels.com\/#website","url":"https:\/\/bevacationtravels.com\/","name":"bevacationtravels.com","description":"","publisher":{"@id":"https:\/\/bevacationtravels.com\/#organization"},"potentialAction":[{"@type":"SearchAction","target":{"@type":"EntryPoint","urlTemplate":"https:\/\/bevacationtravels.com\/?s={search_term_string}"},"query-input":"required name=search_term_string"}],"inLanguage":"de"},{"@type":"Organization","@id":"https:\/\/bevacationtravels.com\/#organization","name":"bevacationtravels.com","url":"https:\/\/bevacationtravels.com\/","logo":{"@type":"ImageObject","inLanguage":"de","@id":"https:\/\/bevacationtravels.com\/#\/schema\/logo\/image\/","url":"https:\/\/bevacationtravels.com\/wp-content\/uploads\/2024\/06\/Group-12.svg","contentUrl":"https:\/\/bevacationtravels.com\/wp-content\/uploads\/2024\/06\/Group-12.svg","width":203,"height":32,"caption":"bevacationtravels.com"},"image":{"@id":"https:\/\/bevacationtravels.com\/#\/schema\/logo\/image\/"}}]}},"_links":{"self":[{"href":"https:\/\/bevacationtravels.com\/de\/wp-json\/wp\/v2\/product\/938","targetHints":{"allow":["GET"]}}],"collection":[{"href":"https:\/\/bevacationtravels.com\/de\/wp-json\/wp\/v2\/product"}],"about":[{"href":"https:\/\/bevacationtravels.com\/de\/wp-json\/wp\/v2\/types\/product"}],"replies":[{"embeddable":true,"href":"https:\/\/bevacationtravels.com\/de\/wp-json\/wp\/v2\/comments?post=938"}],"wp:featuredmedia":[{"embeddable":true,"href":"https:\/\/bevacationtravels.com\/de\/wp-json\/wp\/v2\/media\/1127"}],"wp:attachment":[{"href":"https:\/\/bevacationtravels.com\/de\/wp-json\/wp\/v2\/media?parent=938"}],"wp:term":[{"taxonomy":"product_brand","embeddable":true,"href":"https:\/\/bevacationtravels.com\/de\/wp-json\/wp\/v2\/product_brand?post=938"},{"taxonomy":"product_cat","embeddable":true,"href":"https:\/\/bevacationtravels.com\/de\/wp-json\/wp\/v2\/product_cat?post=938"},{"taxonomy":"product_tag","embeddable":true,"href":"https:\/\/bevacationtravels.com\/de\/wp-json\/wp\/v2\/product_tag?post=938"}],"curies":[{"name":"wp","href":"https:\/\/api.w.org\/{rel}","templated":true}]}}